{"id":3378,"date":"2023-11-24T13:52:52","date_gmt":"2023-11-24T16:52:52","guid":{"rendered":"https:\/\/xsportscs.com.br\/?post_type=product&#038;p=3378"},"modified":"2023-11-24T14:00:03","modified_gmt":"2023-11-24T17:00:03","slug":"truck-stronger-serie-premium-139mm-tamboreado","status":"publish","type":"product","link":"https:\/\/xsportscs.com.br\/?product=truck-stronger-serie-premium-139mm-tamboreado","title":{"rendered":"TRUCK STRONGER SERIE PREMIUM 139MM TAMBOREADO"},"content":{"rendered":"<p>Truck Skate Stronger 139mm Profissional de alta Qualidade<br \/>\nTruck Stronger Profissional 139mm em Aluminio Fundido por Gravidade de Alim\u00ednio Especial Iso 9001 de Qualidade<\/p>\n<p>Composi\u00e7\u00e3o<\/p>\n<p>Porca de A\u00e7o 3\/8 Auto Travante<\/p>\n<p>Arruelas<\/p>\n<p>Amortecedor de Poliuretano Alta Performance 95A de Dureza<\/p>\n<p>Trave de Alum\u00ednio<\/p>\n<p>Eixo em Alum\u00ednio com Tratamento T\u00e9rmico<\/p>\n<p>Arruelas de A\u00e7o<\/p>\n<p>Porca de A\u00e7o 5\/16 Auto Travante<\/p>\n<p>Base de Alum\u00ednio<\/p>\n<p>Prisioneito s\u00f3lido com Tratamento t\u00e9rmico<\/p>\n<p>Parafuso Central Oco de a\u00e7o especial<\/p>\n<p>Base Fundida por Gravidade de Alum\u00ednio Especial<\/p>\n<p>Pintura em Ep\u00f3xi<\/p>\n<p>Logo Estampado ( Tampogr\u00e1fia )<\/p>\n<p>Modelo profissional<\/p>\n<p>Cor: Prata<\/p>\n<p>Tamanho: 139 mm<\/p>\n<p>Altura: M\u00e9dio<\/p>\n<p>Altura total 63mm<\/p>\n","protected":false},"excerpt":{"rendered":"<p>Garantia Vital\u00edcia<br \/>\nDesde 2015 fazendo o melhor para o skate pensando nos skatistas. S\u00e3o anos de dedica\u00e7\u00e3o e pesquisa para fornecer produtos de excel\u00eancia!<\/p>\n<p>Somos o \u00fanico fabricante do mundo a oferecer garantia vital\u00edcia contra qualquer defeito de fabrica\u00e7\u00e3o ou material ! Se voc\u00ea comprou qualquer pe\u00e7a e percebeu um defeito de fabrica\u00e7\u00e3o, entre em contato.<\/p>\n<p>A garantia \u00e9 v\u00e1lida para defeitos nas pe\u00e7as, n\u00e3o cobre mau uso ou desgaste natural, ok?<\/p>\n<p>Estamos sempre fazendo o melhor que o skatista j\u00e1 viu, bem vindo a nova era do mundo do skate!<\/p>\n","protected":false},"featured_media":3379,"comment_status":"open","ping_status":"closed","template":"","meta":{"ocean_post_layout":"","ocean_both_sidebars_style":"","ocean_both_sidebars_content_width":0,"ocean_both_sidebars_sidebars_width":0,"ocean_sidebar":"0","ocean_second_sidebar":"0","ocean_disable_margins":"enable","ocean_add_body_class":"","ocean_shortcode_before_top_bar":"","ocean_shortcode_after_top_bar":"","ocean_shortcode_before_header":"","ocean_shortcode_after_header":"","ocean_has_shortcode":"","ocean_shortcode_after_title":"","ocean_shortcode_before_footer_widgets":"","ocean_shortcode_after_footer_widgets":"","ocean_shortcode_before_footer_bottom":"","ocean_shortcode_after_footer_bottom":"","ocean_display_top_bar":"default","ocean_display_header":"default","ocean_header_style":"","ocean_center_header_left_menu":"0","ocean_custom_header_template":"0","ocean_custom_logo":0,"ocean_custom_retina_logo":0,"ocean_custom_logo_max_width":0,"ocean_custom_logo_tablet_max_width":0,"ocean_custom_logo_mobile_max_width":0,"ocean_custom_logo_max_height":0,"ocean_custom_logo_tablet_max_height":0,"ocean_custom_logo_mobile_max_height":0,"ocean_header_custom_menu":"0","ocean_menu_typo_font_family":"0","ocean_menu_typo_font_subset":"","ocean_menu_typo_font_size":0,"ocean_menu_typo_font_size_tablet":0,"ocean_menu_typo_font_size_mobile":0,"ocean_menu_typo_font_size_unit":"px","ocean_menu_typo_font_weight":"","ocean_menu_typo_font_weight_tablet":"","ocean_menu_typo_font_weight_mobile":"","ocean_menu_typo_transform":"","ocean_menu_typo_transform_tablet":"","ocean_menu_typo_transform_mobile":"","ocean_menu_typo_line_height":0,"ocean_menu_typo_line_height_tablet":0,"ocean_menu_typo_line_height_mobile":0,"ocean_menu_typo_line_height_unit":"","ocean_menu_typo_spacing":0,"ocean_menu_typo_spacing_tablet":0,"ocean_menu_typo_spacing_mobile":0,"ocean_menu_typo_spacing_unit":"","ocean_menu_link_color":"","ocean_menu_link_color_hover":"","ocean_menu_link_color_active":"","ocean_menu_link_background":"","ocean_menu_link_hover_background":"","ocean_menu_link_active_background":"","ocean_menu_social_links_bg":"","ocean_menu_social_hover_links_bg":"","ocean_menu_social_links_color":"","ocean_menu_social_hover_links_color":"","ocean_disable_title":"default","ocean_disable_heading":"default","ocean_post_title":"","ocean_post_subheading":"","ocean_post_title_style":"","ocean_post_title_background_color":"","ocean_post_title_background":0,"ocean_post_title_bg_image_position":"","ocean_post_title_bg_image_attachment":"","ocean_post_title_bg_image_repeat":"","ocean_post_title_bg_image_size":"","ocean_post_title_height":0,"ocean_post_title_bg_overlay":0.5,"ocean_post_title_bg_overlay_color":"","ocean_disable_breadcrumbs":"default","ocean_breadcrumbs_color":"","ocean_breadcrumbs_separator_color":"","ocean_breadcrumbs_links_color":"","ocean_breadcrumbs_links_hover_color":"","ocean_display_footer_widgets":"default","ocean_display_footer_bottom":"default","ocean_custom_footer_template":"0"},"product_cat":[42,31,39],"product_tag":[156,157,155,148,153],"_links":{"self":[{"href":"https:\/\/xsportscs.com.br\/index.php?rest_route=\/wp\/v2\/product\/3378"}],"collection":[{"href":"https:\/\/xsportscs.com.br\/index.php?rest_route=\/wp\/v2\/product"}],"about":[{"href":"https:\/\/xsportscs.com.br\/index.php?rest_route=\/wp\/v2\/types\/product"}],"replies":[{"embeddable":true,"href":"https:\/\/xsportscs.com.br\/index.php?rest_route=%2Fwp%2Fv2%2Fcomments&post=3378"}],"version-history":[{"count":1,"href":"https:\/\/xsportscs.com.br\/index.php?rest_route=\/wp\/v2\/product\/3378\/revisions"}],"predecessor-version":[{"id":3382,"href":"https:\/\/xsportscs.com.br\/index.php?rest_route=\/wp\/v2\/product\/3378\/revisions\/3382"}],"wp:featuredmedia":[{"embeddable":true,"href":"https:\/\/xsportscs.com.br\/index.php?rest_route=\/wp\/v2\/media\/3379"}],"wp:attachment":[{"href":"https:\/\/xsportscs.com.br\/index.php?rest_route=%2Fwp%2Fv2%2Fmedia&parent=3378"}],"wp:term":[{"taxonomy":"product_cat","embeddable":true,"href":"https:\/\/xsportscs.com.br\/index.php?rest_route=%2Fwp%2Fv2%2Fproduct_cat&post=3378"},{"taxonomy":"product_tag","embeddable":true,"href":"https:\/\/xsportscs.com.br\/index.php?rest_route=%2Fwp%2Fv2%2Fproduct_tag&post=3378"}],"curies":[{"name":"wp","href":"https:\/\/api.w.org\/{rel}","templated":true}]}}