{"id":3358,"date":"2023-11-24T11:41:54","date_gmt":"2023-11-24T14:41:54","guid":{"rendered":"https:\/\/xsportscs.com.br\/?post_type=product&#038;p=3358"},"modified":"2024-04-04T12:16:00","modified_gmt":"2024-04-04T15:16:00","slug":"roda-spitfire-formula-four-52mm-99a","status":"publish","type":"product","link":"https:\/\/xsportscs.com.br\/?product=roda-spitfire-formula-four-52mm-99a","title":{"rendered":"RODA SPITFIRE FORMULA FOUR 52mm 99A"},"content":{"rendered":"<p>Roda Spitfire 52mm F4 Formula Four 99a Classic Full<\/p>\n<p>Desde 1987, as rodinhas Spitfire t\u00eam feito a diferen\u00e7a nas sess\u00f5es de skate pelo planeta. Nascida em S\u00e3o Francisco, EUA, que, antes de Barcelona, na Espanha, era considerada a capital mundial do skate, a marca da carinha sorridente pegando fogo \u00e9 uma das mais respeitadas pela elite do skate profissional. Al\u00e9m do prest\u00edgio quando o assunto \u00e9 rodas, a Spitfire, distribu\u00edda pela Deluxe, desenvolve a mais variada linha de acess\u00f3rios de alta qualidade para a pr\u00e1tica do skateboard.<\/p>\n<p>Marca: Spitfire<br \/>\nModelo: Formula Four Classic<br \/>\nDureza: 99d<br \/>\nBorda: arredondada<br \/>\nSuperf\u00edcie: lisa<br \/>\nConjunto composto por 4 rodas<br \/>\nTamanho &#8211; 52mm<br \/>\nLargura :34mm<br \/>\n\u00c1rea de contato: 19mm&#8217;.<\/p>\n","protected":false},"excerpt":{"rendered":"<p>Roda Spitfire 52mm F4 Formula Four 99a Classic Full Desde 1987, as rodinhas Spitfire t\u00eam feito a diferen\u00e7a nas sess\u00f5es de skate pelo planeta. Nascida em S\u00e3o Francisco, EUA, que, antes de Barcelona, na Espanha, era considerada a capital mundial do skate, a marca da carinha sorridente pegando fogo \u00e9 uma das mais respeitadas pela [&hellip;]<\/p>\n","protected":false},"featured_media":3359,"comment_status":"open","ping_status":"closed","template":"","meta":{"ocean_post_layout":"","ocean_both_sidebars_style":"","ocean_both_sidebars_content_width":0,"ocean_both_sidebars_sidebars_width":0,"ocean_sidebar":"0","ocean_second_sidebar":"0","ocean_disable_margins":"enable","ocean_add_body_class":"","ocean_shortcode_before_top_bar":"","ocean_shortcode_after_top_bar":"","ocean_shortcode_before_header":"","ocean_shortcode_after_header":"","ocean_has_shortcode":"","ocean_shortcode_after_title":"","ocean_shortcode_before_footer_widgets":"","ocean_shortcode_after_footer_widgets":"","ocean_shortcode_before_footer_bottom":"","ocean_shortcode_after_footer_bottom":"","ocean_display_top_bar":"default","ocean_display_header":"default","ocean_header_style":"","ocean_center_header_left_menu":"0","ocean_custom_header_template":"0","ocean_custom_logo":0,"ocean_custom_retina_logo":0,"ocean_custom_logo_max_width":0,"ocean_custom_logo_tablet_max_width":0,"ocean_custom_logo_mobile_max_width":0,"ocean_custom_logo_max_height":0,"ocean_custom_logo_tablet_max_height":0,"ocean_custom_logo_mobile_max_height":0,"ocean_header_custom_menu":"0","ocean_menu_typo_font_family":"0","ocean_menu_typo_font_subset":"","ocean_menu_typo_font_size":0,"ocean_menu_typo_font_size_tablet":0,"ocean_menu_typo_font_size_mobile":0,"ocean_menu_typo_font_size_unit":"px","ocean_menu_typo_font_weight":"","ocean_menu_typo_font_weight_tablet":"","ocean_menu_typo_font_weight_mobile":"","ocean_menu_typo_transform":"","ocean_menu_typo_transform_tablet":"","ocean_menu_typo_transform_mobile":"","ocean_menu_typo_line_height":0,"ocean_menu_typo_line_height_tablet":0,"ocean_menu_typo_line_height_mobile":0,"ocean_menu_typo_line_height_unit":"","ocean_menu_typo_spacing":0,"ocean_menu_typo_spacing_tablet":0,"ocean_menu_typo_spacing_mobile":0,"ocean_menu_typo_spacing_unit":"","ocean_menu_link_color":"","ocean_menu_link_color_hover":"","ocean_menu_link_color_active":"","ocean_menu_link_background":"","ocean_menu_link_hover_background":"","ocean_menu_link_active_background":"","ocean_menu_social_links_bg":"","ocean_menu_social_hover_links_bg":"","ocean_menu_social_links_color":"","ocean_menu_social_hover_links_color":"","ocean_disable_title":"default","ocean_disable_heading":"default","ocean_post_title":"","ocean_post_subheading":"","ocean_post_title_style":"","ocean_post_title_background_color":"","ocean_post_title_background":0,"ocean_post_title_bg_image_position":"","ocean_post_title_bg_image_attachment":"","ocean_post_title_bg_image_repeat":"","ocean_post_title_bg_image_size":"","ocean_post_title_height":0,"ocean_post_title_bg_overlay":0.5,"ocean_post_title_bg_overlay_color":"","ocean_disable_breadcrumbs":"default","ocean_breadcrumbs_color":"","ocean_breadcrumbs_separator_color":"","ocean_breadcrumbs_links_color":"","ocean_breadcrumbs_links_hover_color":"","ocean_display_footer_widgets":"default","ocean_display_footer_bottom":"default","ocean_custom_footer_template":"0"},"product_cat":[35,37,42,31],"product_tag":[145,148],"_links":{"self":[{"href":"https:\/\/xsportscs.com.br\/index.php?rest_route=\/wp\/v2\/product\/3358"}],"collection":[{"href":"https:\/\/xsportscs.com.br\/index.php?rest_route=\/wp\/v2\/product"}],"about":[{"href":"https:\/\/xsportscs.com.br\/index.php?rest_route=\/wp\/v2\/types\/product"}],"replies":[{"embeddable":true,"href":"https:\/\/xsportscs.com.br\/index.php?rest_route=%2Fwp%2Fv2%2Fcomments&post=3358"}],"version-history":[{"count":1,"href":"https:\/\/xsportscs.com.br\/index.php?rest_route=\/wp\/v2\/product\/3358\/revisions"}],"predecessor-version":[{"id":3362,"href":"https:\/\/xsportscs.com.br\/index.php?rest_route=\/wp\/v2\/product\/3358\/revisions\/3362"}],"wp:featuredmedia":[{"embeddable":true,"href":"https:\/\/xsportscs.com.br\/index.php?rest_route=\/wp\/v2\/media\/3359"}],"wp:attachment":[{"href":"https:\/\/xsportscs.com.br\/index.php?rest_route=%2Fwp%2Fv2%2Fmedia&parent=3358"}],"wp:term":[{"taxonomy":"product_cat","embeddable":true,"href":"https:\/\/xsportscs.com.br\/index.php?rest_route=%2Fwp%2Fv2%2Fproduct_cat&post=3358"},{"taxonomy":"product_tag","embeddable":true,"href":"https:\/\/xsportscs.com.br\/index.php?rest_route=%2Fwp%2Fv2%2Fproduct_tag&post=3358"}],"curies":[{"name":"wp","href":"https:\/\/api.w.org\/{rel}","templated":true}]}}