{"id":3287,"date":"2023-11-23T10:41:55","date_gmt":"2023-11-23T13:41:55","guid":{"rendered":"https:\/\/xsportscs.com.br\/?post_type=product&#038;p=3287"},"modified":"2025-03-26T11:50:52","modified_gmt":"2025-03-26T14:50:52","slug":"relogio-g-shock-ga-100b-4adr","status":"publish","type":"product","link":"https:\/\/xsportscs.com.br\/?product=relogio-g-shock-ga-100b-4adr","title":{"rendered":"Rel\u00f3gio G-Shock GA-100B-4ADR"},"content":{"rendered":"<h2 class=\"tit_especificacoes\">Rel\u00f3gio G-SHOCK <\/p>\n<h3>Rel\u00f3gio Original da CASIO G-SHOCK\u00a0GA-100A-4ADR<\/h3>\n<h4>Cole\u00e7\u00e3o ANALOG-DIGITAL \/ Linha G-SHOCK de Rel\u00f3gio Masculino de Alta Performance<\/h4>\n<h5 class=\"relogio\">GA-100B-7ADR<\/h5>\n<p id=\"descricao\">Esta cole\u00e7\u00e3o de novos modelos G-SHOCK possui mostradores de 35 mm de di\u00e2metro e corpo grande, criando uma apar\u00eancia de poder e resist\u00eancia.<\/p>\n<p>O aro do mostrador e os ponteiros elevados geram uma profundidade tridimensional, que confere personalidade \u00e0 pe\u00e7a.\u00a0O popular design de tr\u00eas ponteiros G-SHOCK incorpora um mostrador anal\u00f3gico no centro, com mostradores digitais em cada um dos lados.<\/p>\n<p>Esses rel\u00f3gios foram projetados e desenvolvidos para oferecer resist\u00eancia a choques e \u00e0 \u00e1gua, assim como prote\u00e7\u00e3o contra campos magn\u00e9ticos.<br \/>\nOs bot\u00f5es extra-grandes v\u00eam com uma superf\u00edcie em quadrados antideslizantes para tornar as opera\u00e7\u00f5es f\u00e1ceis e precisas.<\/p>\n<p>Cron\u00f4metro de 1\/1000 segundos, indicador de velocidade, hora mundial, 5 alarmes e muito mais d\u00e3o a esse modelo fun\u00e7\u00f5es e desempenho incompar\u00e1veis.<\/p>\n<p><img decoding=\"async\" src=\"http:\/\/www.casio-intl.com\/blob\/image\/1425395080542\/\" alt=\"G-SHOCK QW-5081 imagem02\" data-pagespeed-url-hash=\"3482509653\" \/><\/p>\n<h6 class=\"tit_especificacoes\"><img decoding=\"async\" src=\"http:\/\/www.casio-intl.com\/blob\/image\/1425395079477\/\" alt=\"G-SHOCK QW-5081 imagem03\" data-pagespeed-url-hash=\"1911061706\" \/><\/h6>\n<h6 class=\"tit_especificacoes\"><img decoding=\"async\" src=\"http:\/\/www.casio-intl.com\/blob\/image\/1425395084653\/\" alt=\"G-SHOCK QW-5081 imagem04\" data-pagespeed-url-hash=\"367807424\" \/><\/h6>\n<h6 class=\"tit_especificacoes\"><img decoding=\"async\" src=\"http:\/\/www.casio-intl.com\/blob\/image\/1425395155089\/\" alt=\"G-SHOCK QW-5081 imagem01\" data-pagespeed-url-hash=\"3906123292\" \/><\/h6>\n<h6 class=\"tit_especificacoes\">ESPECIFICA\u00c7\u00d5ES T\u00c9CNICAS<\/h6>\n<p class=\"especificacoes\">&#8211;\u00a0\u00a0Vidro mineral<br \/>\n&#8211; Resist\u00eancia magn\u00e9tica<br \/>\n&#8211; Resist\u00eancia a choques<br \/>\n&#8211; Resist\u00eancia \u00e0 \u00e1gua 200m<br \/>\n&#8211; Material da caixa\/aro: resina<br \/>\n&#8211; Pulseira em resina<br \/>\n&#8211; Luz LED<br \/>\nLuz autom\u00e1tica por sensor, dura\u00e7\u00e3o de luminosidade selecion\u00e1vel, persist\u00eancia luminosa<br \/>\n&#8211; Hora mundial<br \/>\n29 fusos hor\u00e1rios (48 cidades + Coordinated Universal Time), hor\u00e1rio de ver\u00e3o (liga\/desliga), troca de cidade de refer\u00eancia\/hora mundial<br \/>\n&#8211; Cron\u00f4metro de 1\/1000 segundo<br \/>\nCapacidade de medi\u00e7\u00e3o: 99:59&#8217;59.999&#8221;<br \/>\nModos de medi\u00e7\u00e3o: tempo transcorrido, volta de tempo, divis\u00e3o de tempo<br \/>\nVelocidade (0 a 1998 unidades \/ hora), entrada de dist\u00e2ncia (0,0 a 99,9)<br \/>\nIndicador m\u00e1q. (velocidade excedendo 1225 unidades \/ hora)<br \/>\n&#8211; Cron\u00f4metro regressivo<br \/>\nUnidade de medi\u00e7\u00e3o: 1 segundo<br \/>\nFaixa de contagem: 24 horas<br \/>\nConfigura\u00e7\u00e3o inicial da faixa de contagem: 1 minuto a 24 horas (intervalos de 1 minuto e 1 hora)<br \/>\nRepeti\u00e7\u00e3o autom\u00e1tica<br \/>\n&#8211; 5 alarmes di\u00e1rios (1 alarme com soneca)<br \/>\n&#8211; Sinaliza\u00e7\u00e3o a cada hora<br \/>\n&#8211; Calend\u00e1rio autom\u00e1tico (at\u00e9 o ano 2099)<br \/>\n&#8211; Formatos 12\/24 horas<br \/>\n&#8211; Hor\u00e1rio regular<br \/>\nAnal\u00f3gico: 2 ponteiros (hora, minuto (os ponteiros movem-se a cada 20 segundos))<br \/>\nDigitais: hora, minuto, segundo, am\/pm, m\u00eas, data, dia<br \/>\n&#8211; Precis\u00e3o: \u00b115 segundos por m\u00eas<br \/>\n&#8211; Dura\u00e7\u00e3o aproximada da bateria: 2 anos com CR1220<br \/>\n&#8211; Tamanho: 55 X 51,2 X 16,9 mm<br \/>\n&#8211; Peso total da caixa: 70 g<br \/>\n&#8211; LED: \u00c2mbar<\/p>\n","protected":false},"excerpt":{"rendered":"<p>Desde sua funda\u00e7\u00e3o, em 1957, a Casio vem trabalhando para manter o princ\u00edpio de \u201ccriatividade e contribui\u00e7\u00e3o\u201d da corpora\u00e7\u00e3o, lan\u00e7ando produtos inovadores. Adquira este incr\u00edvel rel\u00f3gio de pulso Casio e desfrute de modernidade, eleg\u00e2ncia, satisfa\u00e7\u00e3o e prazer. Confira! Um produto para quem preza qualidade e beleza!<\/p>\n","protected":false},"featured_media":3288,"comment_status":"open","ping_status":"closed","template":"","meta":{"ocean_post_layout":"","ocean_both_sidebars_style":"","ocean_both_sidebars_content_width":0,"ocean_both_sidebars_sidebars_width":0,"ocean_sidebar":"0","ocean_second_sidebar":"0","ocean_disable_margins":"enable","ocean_add_body_class":"","ocean_shortcode_before_top_bar":"","ocean_shortcode_after_top_bar":"","ocean_shortcode_before_header":"","ocean_shortcode_after_header":"","ocean_has_shortcode":"","ocean_shortcode_after_title":"","ocean_shortcode_before_footer_widgets":"","ocean_shortcode_after_footer_widgets":"","ocean_shortcode_before_footer_bottom":"","ocean_shortcode_after_footer_bottom":"","ocean_display_top_bar":"default","ocean_display_header":"default","ocean_header_style":"","ocean_center_header_left_menu":"0","ocean_custom_header_template":"0","ocean_custom_logo":0,"ocean_custom_retina_logo":0,"ocean_custom_logo_max_width":0,"ocean_custom_logo_tablet_max_width":0,"ocean_custom_logo_mobile_max_width":0,"ocean_custom_logo_max_height":0,"ocean_custom_logo_tablet_max_height":0,"ocean_custom_logo_mobile_max_height":0,"ocean_header_custom_menu":"0","ocean_menu_typo_font_family":"0","ocean_menu_typo_font_subset":"","ocean_menu_typo_font_size":0,"ocean_menu_typo_font_size_tablet":0,"ocean_menu_typo_font_size_mobile":0,"ocean_menu_typo_font_size_unit":"px","ocean_menu_typo_font_weight":"","ocean_menu_typo_font_weight_tablet":"","ocean_menu_typo_font_weight_mobile":"","ocean_menu_typo_transform":"","ocean_menu_typo_transform_tablet":"","ocean_menu_typo_transform_mobile":"","ocean_menu_typo_line_height":0,"ocean_menu_typo_line_height_tablet":0,"ocean_menu_typo_line_height_mobile":0,"ocean_menu_typo_line_height_unit":"","ocean_menu_typo_spacing":0,"ocean_menu_typo_spacing_tablet":0,"ocean_menu_typo_spacing_mobile":0,"ocean_menu_typo_spacing_unit":"","ocean_menu_link_color":"","ocean_menu_link_color_hover":"","ocean_menu_link_color_active":"","ocean_menu_link_background":"","ocean_menu_link_hover_background":"","ocean_menu_link_active_background":"","ocean_menu_social_links_bg":"","ocean_menu_social_hover_links_bg":"","ocean_menu_social_links_color":"","ocean_menu_social_hover_links_color":"","ocean_disable_title":"default","ocean_disable_heading":"default","ocean_post_title":"","ocean_post_subheading":"","ocean_post_title_style":"","ocean_post_title_background_color":"","ocean_post_title_background":0,"ocean_post_title_bg_image_position":"","ocean_post_title_bg_image_attachment":"","ocean_post_title_bg_image_repeat":"","ocean_post_title_bg_image_size":"","ocean_post_title_height":0,"ocean_post_title_bg_overlay":0.5,"ocean_post_title_bg_overlay_color":"","ocean_disable_breadcrumbs":"default","ocean_breadcrumbs_color":"","ocean_breadcrumbs_separator_color":"","ocean_breadcrumbs_links_color":"","ocean_breadcrumbs_links_hover_color":"","ocean_display_footer_widgets":"default","ocean_display_footer_bottom":"default","ocean_custom_footer_template":"0"},"product_cat":[61,35,62],"product_tag":[137,138,136],"_links":{"self":[{"href":"https:\/\/xsportscs.com.br\/index.php?rest_route=\/wp\/v2\/product\/3287"}],"collection":[{"href":"https:\/\/xsportscs.com.br\/index.php?rest_route=\/wp\/v2\/product"}],"about":[{"href":"https:\/\/xsportscs.com.br\/index.php?rest_route=\/wp\/v2\/types\/product"}],"replies":[{"embeddable":true,"href":"https:\/\/xsportscs.com.br\/index.php?rest_route=%2Fwp%2Fv2%2Fcomments&post=3287"}],"version-history":[{"count":1,"href":"https:\/\/xsportscs.com.br\/index.php?rest_route=\/wp\/v2\/product\/3287\/revisions"}],"predecessor-version":[{"id":3290,"href":"https:\/\/xsportscs.com.br\/index.php?rest_route=\/wp\/v2\/product\/3287\/revisions\/3290"}],"wp:featuredmedia":[{"embeddable":true,"href":"https:\/\/xsportscs.com.br\/index.php?rest_route=\/wp\/v2\/media\/3288"}],"wp:attachment":[{"href":"https:\/\/xsportscs.com.br\/index.php?rest_route=%2Fwp%2Fv2%2Fmedia&parent=3287"}],"wp:term":[{"taxonomy":"product_cat","embeddable":true,"href":"https:\/\/xsportscs.com.br\/index.php?rest_route=%2Fwp%2Fv2%2Fproduct_cat&post=3287"},{"taxonomy":"product_tag","embeddable":true,"href":"https:\/\/xsportscs.com.br\/index.php?rest_route=%2Fwp%2Fv2%2Fproduct_tag&post=3287"}],"curies":[{"name":"wp","href":"https:\/\/api.w.org\/{rel}","templated":true}]}}