{"id":3275,"date":"2023-11-23T10:04:58","date_gmt":"2023-11-23T13:04:58","guid":{"rendered":"https:\/\/xsportscs.com.br\/?post_type=product&#038;p=3275"},"modified":"2023-11-24T12:03:12","modified_gmt":"2023-11-24T15:03:12","slug":"relogio-casio-ws-2000h-4avdf","status":"publish","type":"product","link":"https:\/\/xsportscs.com.br\/?product=relogio-casio-ws-2000h-4avdf","title":{"rendered":"Rel\u00f3gio CASIO WS-2000H-4AVDF"},"content":{"rendered":"<p>SOBRE O PRODUTO:  <\/p>\n<p>Caracter\u00edsticas: <\/p>\n<p>  Esses novos modelos v\u00eam com o Step Tracker, que pode ser configurado para come\u00e7ar a contar seus passos automaticamente sempre que voc\u00ea come\u00e7ar a caminhar ou correr.<br \/>\n A s\u00e9rie WS-2000 masculina e a s\u00e9rie LWS-2000 feminina v\u00eam com tr\u00eas modelos diferentes para voc\u00ea escolher.  O rel\u00f3gio vem com um aceler\u00f4metro de 3 eixos que come\u00e7a a contar seus passos automaticamente quando voc\u00ea come\u00e7a a se mover enquanto o usa. Um Gr\u00e1fico de contagem de passos no visor mostra os passos que voc\u00ea j\u00e1 deu, sua taxa de alcance de metas de passos e a quantidade de dias que voc\u00ea levou para alcan\u00e7\u00e1-las.<br \/>\n Voc\u00ea tamb\u00e9m pode manter um hist\u00f3rico da contagem de passos dos \u00faltimos sete dias. Isso e muito mais fazem desses rel\u00f3gios as ferramentas perfeitas para ajudar voc\u00ea a gerenciar sua sa\u00fade e exerc\u00edcios. A mem\u00f3ria consegue armazenar at\u00e9 200 registros de tempo de volta\/tempo intermedi\u00e1rio. Durante a medi\u00e7\u00e3o de tempo decorrido, voc\u00ea pode exibir quanto tempo j\u00e1 passou e a hora atual do dia. Al\u00e9m disso, uma luz de LED facilita a leitura, mesmo no escuro.<br \/>\n A ponta da pulseira \u00e9 curvada para ajudar a prender o rel\u00f3gio no pulso, e a pulseira possui mais furos para auxiliar no ajuste e aprimorar o encaixe. Um grande bot\u00e3o frontal, juntamente com ressaltos de refer\u00eancia t\u00e1til na parte superior e inferior da tela, permitem uma opera\u00e7\u00e3o mais f\u00e1cil e sem problemas quando em movimento.<br \/>\n Tudo nesses rel\u00f3gios foi projetado para atender \u00e0s necessidades modernas dos corredores de hoje.<\/p>\n<p>Especifica\u00e7\u00f5es: <\/p>\n<p>Marca: Casio<\/p>\n<p>Modelo: WS-2000H-4AVDF<\/p>\n<p>Tipo de rel\u00f3gio: Digital<\/p>\n<p>G\u00eanero: Masculino<\/p>\n<p>Cor da caixa: Laranja<br \/>\nCor da pulseira: Preto<\/p>\n<p>Estilo: Esportivo<\/p>\n<p>Calend\u00e1rio: Sim<br \/>\nCron\u00f4metro: Sim<br \/>\nAlarme: Sim<br \/>\nLuz: Sim <\/p>\n<p>Resist\u00eancia \u00e0 \u00e1gua: Sim, 100 metros<\/p>\n<p>Tipo de fecho: Fivela <\/p>\n<p>Material da Caixa: Resina <\/p>\n<p>Material da Pulseira: Resina <\/p>\n<p>Caracter\u00edsticas do vidro: Vidro com resina <\/p>\n<p>Espessura da caixa (cm): 1,31cm<\/p>\n<p>Di\u00e2metro da caixa (LxC): 4,42&#215;4,93cm<\/p>\n<p>Comprimento da pulseira: (cm) 23cm<br \/>\nPeso: 42 Gramas <\/p>\n<p>Alimenta\u00e7\u00e3o: Bateria<\/p>\n<p>Conte\u00fado da Embalagem: Rel\u00f3gio, nota fiscal, certificado garantia e manual de instru\u00e7\u00f5es <\/p>\n<p>Garantia do Fabricante: 12 meses<\/p>\n<p>Fabricante: Casio<\/p>\n","protected":false},"excerpt":{"rendered":"<p>Desde sua funda\u00e7\u00e3o, em 1957, a Casio vem trabalhando para manter o princ\u00edpio de \u201ccriatividade e contribui\u00e7\u00e3o\u201d da corpora\u00e7\u00e3o, lan\u00e7ando produtos inovadores. Adquira este incr\u00edvel rel\u00f3gio de pulso Casio e desfrute de modernidade, eleg\u00e2ncia, satisfa\u00e7\u00e3o e prazer. Confira! Um produto para quem preza qualidade e beleza!<\/p>\n","protected":false},"featured_media":3276,"comment_status":"open","ping_status":"closed","template":"","meta":{"ocean_post_layout":"","ocean_both_sidebars_style":"","ocean_both_sidebars_content_width":0,"ocean_both_sidebars_sidebars_width":0,"ocean_sidebar":"0","ocean_second_sidebar":"0","ocean_disable_margins":"enable","ocean_add_body_class":"","ocean_shortcode_before_top_bar":"","ocean_shortcode_after_top_bar":"","ocean_shortcode_before_header":"","ocean_shortcode_after_header":"","ocean_has_shortcode":"","ocean_shortcode_after_title":"","ocean_shortcode_before_footer_widgets":"","ocean_shortcode_after_footer_widgets":"","ocean_shortcode_before_footer_bottom":"","ocean_shortcode_after_footer_bottom":"","ocean_display_top_bar":"default","ocean_display_header":"default","ocean_header_style":"","ocean_center_header_left_menu":"0","ocean_custom_header_template":"0","ocean_custom_logo":0,"ocean_custom_retina_logo":0,"ocean_custom_logo_max_width":0,"ocean_custom_logo_tablet_max_width":0,"ocean_custom_logo_mobile_max_width":0,"ocean_custom_logo_max_height":0,"ocean_custom_logo_tablet_max_height":0,"ocean_custom_logo_mobile_max_height":0,"ocean_header_custom_menu":"0","ocean_menu_typo_font_family":"0","ocean_menu_typo_font_subset":"","ocean_menu_typo_font_size":0,"ocean_menu_typo_font_size_tablet":0,"ocean_menu_typo_font_size_mobile":0,"ocean_menu_typo_font_size_unit":"px","ocean_menu_typo_font_weight":"","ocean_menu_typo_font_weight_tablet":"","ocean_menu_typo_font_weight_mobile":"","ocean_menu_typo_transform":"","ocean_menu_typo_transform_tablet":"","ocean_menu_typo_transform_mobile":"","ocean_menu_typo_line_height":0,"ocean_menu_typo_line_height_tablet":0,"ocean_menu_typo_line_height_mobile":0,"ocean_menu_typo_line_height_unit":"","ocean_menu_typo_spacing":0,"ocean_menu_typo_spacing_tablet":0,"ocean_menu_typo_spacing_mobile":0,"ocean_menu_typo_spacing_unit":"","ocean_menu_link_color":"","ocean_menu_link_color_hover":"","ocean_menu_link_color_active":"","ocean_menu_link_background":"","ocean_menu_link_hover_background":"","ocean_menu_link_active_background":"","ocean_menu_social_links_bg":"","ocean_menu_social_hover_links_bg":"","ocean_menu_social_links_color":"","ocean_menu_social_hover_links_color":"","ocean_disable_title":"default","ocean_disable_heading":"default","ocean_post_title":"","ocean_post_subheading":"","ocean_post_title_style":"","ocean_post_title_background_color":"","ocean_post_title_background":0,"ocean_post_title_bg_image_position":"","ocean_post_title_bg_image_attachment":"","ocean_post_title_bg_image_repeat":"","ocean_post_title_bg_image_size":"","ocean_post_title_height":0,"ocean_post_title_bg_overlay":0.5,"ocean_post_title_bg_overlay_color":"","ocean_disable_breadcrumbs":"default","ocean_breadcrumbs_color":"","ocean_breadcrumbs_separator_color":"","ocean_breadcrumbs_links_color":"","ocean_breadcrumbs_links_hover_color":"","ocean_display_footer_widgets":"default","ocean_display_footer_bottom":"default","ocean_custom_footer_template":"0"},"product_cat":[61,35,62],"product_tag":[137,138,136],"_links":{"self":[{"href":"https:\/\/xsportscs.com.br\/index.php?rest_route=\/wp\/v2\/product\/3275"}],"collection":[{"href":"https:\/\/xsportscs.com.br\/index.php?rest_route=\/wp\/v2\/product"}],"about":[{"href":"https:\/\/xsportscs.com.br\/index.php?rest_route=\/wp\/v2\/types\/product"}],"replies":[{"embeddable":true,"href":"https:\/\/xsportscs.com.br\/index.php?rest_route=%2Fwp%2Fv2%2Fcomments&post=3275"}],"version-history":[{"count":1,"href":"https:\/\/xsportscs.com.br\/index.php?rest_route=\/wp\/v2\/product\/3275\/revisions"}],"predecessor-version":[{"id":3278,"href":"https:\/\/xsportscs.com.br\/index.php?rest_route=\/wp\/v2\/product\/3275\/revisions\/3278"}],"wp:featuredmedia":[{"embeddable":true,"href":"https:\/\/xsportscs.com.br\/index.php?rest_route=\/wp\/v2\/media\/3276"}],"wp:attachment":[{"href":"https:\/\/xsportscs.com.br\/index.php?rest_route=%2Fwp%2Fv2%2Fmedia&parent=3275"}],"wp:term":[{"taxonomy":"product_cat","embeddable":true,"href":"https:\/\/xsportscs.com.br\/index.php?rest_route=%2Fwp%2Fv2%2Fproduct_cat&post=3275"},{"taxonomy":"product_tag","embeddable":true,"href":"https:\/\/xsportscs.com.br\/index.php?rest_route=%2Fwp%2Fv2%2Fproduct_tag&post=3275"}],"curies":[{"name":"wp","href":"https:\/\/api.w.org\/{rel}","templated":true}]}}