{"id":3236,"date":"2023-11-21T17:19:01","date_gmt":"2023-11-21T20:19:01","guid":{"rendered":"https:\/\/xsportscs.com.br\/?post_type=product&#038;p=3236"},"modified":"2023-12-13T09:49:56","modified_gmt":"2023-12-13T12:49:56","slug":"truck-intruder-glow-dark-149mm","status":"publish","type":"product","link":"https:\/\/xsportscs.com.br\/?product=truck-intruder-glow-dark-149mm","title":{"rendered":"TRUCK INTRUDER GLOW DARK 149mm"},"content":{"rendered":"<h2>Descri\u00e7\u00e3o<\/h2>\n<div class=\"description-title\">DESCRI\u00c7\u00c3O DO PRODUTO<\/div>\n<div id=\"descricao\" class=\"tab-pane active\">\n<p><strong>Truck Intruder\u00a0 Glow Dark 149-Mid<\/strong>\u00a0foi desenvolvido para quem precisa de um truck de qualidade com um pre\u00e7o acess\u00edvel. Seu formato facilita o encaixe das manobras nas traves e corrim\u00e3os. Testado e aprovado por atletas e praticantes de alta performance. Um\u00a0truck mais leve, facilitando a execu\u00e7\u00e3o das manobras. <\/p>\n<p><strong>Dados T\u00e9cnicos:<\/strong><\/p>\n<ul>\n<li>Porca de a\u00e7o 3\/8 auto travante;<\/li>\n<li>Arruelas superiores especiais;<\/li>\n<li>Altura do Truck Medio;<\/li>\n<li>Amortecedores de uretano;<\/li>\n<li>Trave em Alum\u00ednio de primeira qualidade;<\/li>\n<li>Eixo de A\u00e7o especial com tratamento t\u00e9rmico;<\/li>\n<li>Pivot Cup de uretano.<\/li>\n<li>Arruelas de cal\u00e7o em a\u00e7o Porca de a\u00e7o 5\/16 auto travante;<\/li>\n<li>Base em alum\u00ednio com liga Intruder;<\/li>\n<li>Parafuso central de a\u00e7o com tratamento t\u00e9rmico.<\/li>\n<\/ul>\n<p><strong>Altura dos Truck: high<\/strong><\/p>\n<p><strong>Sobre a marca Intruder<\/strong><\/p>\n<p>Truck de fabrica\u00e7\u00e3o pr\u00f3pria. A marca Intruder surgiu para o cen\u00e1rio do Skate com um produto de qualidade e um pre\u00e7o acessivel. Na equipe Intruder \u00e9 composta por atletas profissionais como Diego Fontes, o lend\u00e1rio Sergio Neg\u00e3o, Diego Bigode, Cri Duarte entre outros a marca esta forte no mercado<\/p>\n<\/div>\n","protected":false},"excerpt":{"rendered":"<p>Um truck mais leve, facilitando a execu\u00e7\u00e3o das manobras.<\/p>\n","protected":false},"featured_media":3237,"comment_status":"open","ping_status":"closed","template":"","meta":{"ocean_post_layout":"","ocean_both_sidebars_style":"","ocean_both_sidebars_content_width":0,"ocean_both_sidebars_sidebars_width":0,"ocean_sidebar":"0","ocean_second_sidebar":"0","ocean_disable_margins":"enable","ocean_add_body_class":"","ocean_shortcode_before_top_bar":"","ocean_shortcode_after_top_bar":"","ocean_shortcode_before_header":"","ocean_shortcode_after_header":"","ocean_has_shortcode":"","ocean_shortcode_after_title":"","ocean_shortcode_before_footer_widgets":"","ocean_shortcode_after_footer_widgets":"","ocean_shortcode_before_footer_bottom":"","ocean_shortcode_after_footer_bottom":"","ocean_display_top_bar":"default","ocean_display_header":"default","ocean_header_style":"","ocean_center_header_left_menu":"0","ocean_custom_header_template":"0","ocean_custom_logo":0,"ocean_custom_retina_logo":0,"ocean_custom_logo_max_width":0,"ocean_custom_logo_tablet_max_width":0,"ocean_custom_logo_mobile_max_width":0,"ocean_custom_logo_max_height":0,"ocean_custom_logo_tablet_max_height":0,"ocean_custom_logo_mobile_max_height":0,"ocean_header_custom_menu":"0","ocean_menu_typo_font_family":"0","ocean_menu_typo_font_subset":"","ocean_menu_typo_font_size":0,"ocean_menu_typo_font_size_tablet":0,"ocean_menu_typo_font_size_mobile":0,"ocean_menu_typo_font_size_unit":"px","ocean_menu_typo_font_weight":"","ocean_menu_typo_font_weight_tablet":"","ocean_menu_typo_font_weight_mobile":"","ocean_menu_typo_transform":"","ocean_menu_typo_transform_tablet":"","ocean_menu_typo_transform_mobile":"","ocean_menu_typo_line_height":0,"ocean_menu_typo_line_height_tablet":0,"ocean_menu_typo_line_height_mobile":0,"ocean_menu_typo_line_height_unit":"","ocean_menu_typo_spacing":0,"ocean_menu_typo_spacing_tablet":0,"ocean_menu_typo_spacing_mobile":0,"ocean_menu_typo_spacing_unit":"","ocean_menu_link_color":"","ocean_menu_link_color_hover":"","ocean_menu_link_color_active":"","ocean_menu_link_background":"","ocean_menu_link_hover_background":"","ocean_menu_link_active_background":"","ocean_menu_social_links_bg":"","ocean_menu_social_hover_links_bg":"","ocean_menu_social_links_color":"","ocean_menu_social_hover_links_color":"","ocean_disable_title":"default","ocean_disable_heading":"default","ocean_post_title":"","ocean_post_subheading":"","ocean_post_title_style":"","ocean_post_title_background_color":"","ocean_post_title_background":0,"ocean_post_title_bg_image_position":"","ocean_post_title_bg_image_attachment":"","ocean_post_title_bg_image_repeat":"","ocean_post_title_bg_image_size":"","ocean_post_title_height":0,"ocean_post_title_bg_overlay":0.5,"ocean_post_title_bg_overlay_color":"","ocean_disable_breadcrumbs":"default","ocean_breadcrumbs_color":"","ocean_breadcrumbs_separator_color":"","ocean_breadcrumbs_links_color":"","ocean_breadcrumbs_links_hover_color":"","ocean_display_footer_widgets":"default","ocean_display_footer_bottom":"default","ocean_custom_footer_template":"0"},"product_cat":[42,31,39],"product_tag":[157,155,153],"_links":{"self":[{"href":"https:\/\/xsportscs.com.br\/index.php?rest_route=\/wp\/v2\/product\/3236"}],"collection":[{"href":"https:\/\/xsportscs.com.br\/index.php?rest_route=\/wp\/v2\/product"}],"about":[{"href":"https:\/\/xsportscs.com.br\/index.php?rest_route=\/wp\/v2\/types\/product"}],"replies":[{"embeddable":true,"href":"https:\/\/xsportscs.com.br\/index.php?rest_route=%2Fwp%2Fv2%2Fcomments&post=3236"}],"version-history":[{"count":4,"href":"https:\/\/xsportscs.com.br\/index.php?rest_route=\/wp\/v2\/product\/3236\/revisions"}],"predecessor-version":[{"id":3244,"href":"https:\/\/xsportscs.com.br\/index.php?rest_route=\/wp\/v2\/product\/3236\/revisions\/3244"}],"wp:featuredmedia":[{"embeddable":true,"href":"https:\/\/xsportscs.com.br\/index.php?rest_route=\/wp\/v2\/media\/3237"}],"wp:attachment":[{"href":"https:\/\/xsportscs.com.br\/index.php?rest_route=%2Fwp%2Fv2%2Fmedia&parent=3236"}],"wp:term":[{"taxonomy":"product_cat","embeddable":true,"href":"https:\/\/xsportscs.com.br\/index.php?rest_route=%2Fwp%2Fv2%2Fproduct_cat&post=3236"},{"taxonomy":"product_tag","embeddable":true,"href":"https:\/\/xsportscs.com.br\/index.php?rest_route=%2Fwp%2Fv2%2Fproduct_tag&post=3236"}],"curies":[{"name":"wp","href":"https:\/\/api.w.org\/{rel}","templated":true}]}}