{"id":3067,"date":"2022-06-11T10:44:46","date_gmt":"2022-06-11T13:44:46","guid":{"rendered":"https:\/\/xsportscs.com.br\/?post_type=product&#038;p=3067"},"modified":"2022-06-18T11:07:46","modified_gmt":"2022-06-18T14:07:46","slug":"shape-santa-cruz-maple-screaming-hand-825%c2%a8","status":"publish","type":"product","link":"https:\/\/xsportscs.com.br\/?product=shape-santa-cruz-maple-screaming-hand-825%c2%a8","title":{"rendered":"Shape Santa Cruz Maple Screaming Hand  8\u00b425\u00b4\u00b4"},"content":{"rendered":"<p>COMPRIMENTO     31\u00b47\u00b4\u00b4<br \/>\nLARGURA         8\u00b425\u00b4\u00b4<br \/>\nB.B            14&#8243;<\/p>\n<p>H\u00e1 mais de 40 anos fazendo hist\u00f3ria no cen\u00e1rio do skate mundial, a Santa Cruz nasceu no final da d\u00e9cada de sessenta, quando as manobras de skate ainda estavam diretamente associadas \u00e0s manobras de surf em muitos lugares dos Estados Unidos.<\/p>\n<p>A Santa Cruz lan\u00e7ou shapes com formatos inovadores, com desenhos muito diferentes do que estavam acostumados na \u00e9poca, quase todos assinados por Jim Phillips. Os shapes revolucion\u00e1rios da Santa Cruz possibilitaram novos tipos de manobras de skate e tiraram boas noites de sono dos fissurados pelo skateboard. <\/p>\n<p>A marca que acompanhou e impulsionou a evolu\u00e7\u00e3o do skate sempre esteve presente incentivando competi\u00e7\u00f5es e patrocinando skatistas, hoje produz al\u00e9m de shapes &#8211; moletons, camisetas, camisas, gorros, bon\u00e9s e bermudas. <\/p>\n<p>Aquele que se diz skatista e n\u00e3o conhece a Santa Cruz n\u00e3o pode ser levado a s\u00e9rio, j\u00e1 que esta \u00e9 uma das marcas mais antigas e conceituadas do skateboard e a evolu\u00e7\u00e3o dos shapes da Santa Cruz \u00e9 um cap\u00edtulo a parte na hist\u00f3ria do skate que merece ser contada.<\/p>\n<p>Com um time que inclui Blake Johnson, Dylan Williams, Emmanuel Guzman, Eric Dressen, Erick Winkowski, Jason Jesse, Jereme Knibbs, Josh Borden, Kevin Braun, Steve Alba, Tom Asta, Tom Knox, Tom Remillard e Yndiara Asp, a Santa Cruz \u00e9 uma marca que fez a hist\u00f3ria do skate e continua atualmente totalmente envolvida com o universo do skateboard<\/p>\n","protected":false},"excerpt":{"rendered":"<p>Aquele que se diz skatista e n\u00e3o conhece a Santa Cruz n\u00e3o pode ser levado a s\u00e9rio.<\/p>\n","protected":false},"featured_media":3068,"comment_status":"open","ping_status":"closed","template":"","meta":{"ocean_post_layout":"","ocean_both_sidebars_style":"","ocean_both_sidebars_content_width":0,"ocean_both_sidebars_sidebars_width":0,"ocean_sidebar":"0","ocean_second_sidebar":"0","ocean_disable_margins":"enable","ocean_add_body_class":"","ocean_shortcode_before_top_bar":"","ocean_shortcode_after_top_bar":"","ocean_shortcode_before_header":"","ocean_shortcode_after_header":"","ocean_has_shortcode":"","ocean_shortcode_after_title":"","ocean_shortcode_before_footer_widgets":"","ocean_shortcode_after_footer_widgets":"","ocean_shortcode_before_footer_bottom":"","ocean_shortcode_after_footer_bottom":"","ocean_display_top_bar":"default","ocean_display_header":"default","ocean_header_style":"","ocean_center_header_left_menu":"0","ocean_custom_header_template":"0","ocean_custom_logo":0,"ocean_custom_retina_logo":0,"ocean_custom_logo_max_width":0,"ocean_custom_logo_tablet_max_width":0,"ocean_custom_logo_mobile_max_width":0,"ocean_custom_logo_max_height":0,"ocean_custom_logo_tablet_max_height":0,"ocean_custom_logo_mobile_max_height":0,"ocean_header_custom_menu":"0","ocean_menu_typo_font_family":"0","ocean_menu_typo_font_subset":"","ocean_menu_typo_font_size":0,"ocean_menu_typo_font_size_tablet":0,"ocean_menu_typo_font_size_mobile":0,"ocean_menu_typo_font_size_unit":"px","ocean_menu_typo_font_weight":"","ocean_menu_typo_font_weight_tablet":"","ocean_menu_typo_font_weight_mobile":"","ocean_menu_typo_transform":"","ocean_menu_typo_transform_tablet":"","ocean_menu_typo_transform_mobile":"","ocean_menu_typo_line_height":0,"ocean_menu_typo_line_height_tablet":0,"ocean_menu_typo_line_height_mobile":0,"ocean_menu_typo_line_height_unit":"","ocean_menu_typo_spacing":0,"ocean_menu_typo_spacing_tablet":0,"ocean_menu_typo_spacing_mobile":0,"ocean_menu_typo_spacing_unit":"","ocean_menu_link_color":"","ocean_menu_link_color_hover":"","ocean_menu_link_color_active":"","ocean_menu_link_background":"","ocean_menu_link_hover_background":"","ocean_menu_link_active_background":"","ocean_menu_social_links_bg":"","ocean_menu_social_hover_links_bg":"","ocean_menu_social_links_color":"","ocean_menu_social_hover_links_color":"","ocean_disable_title":"default","ocean_disable_heading":"default","ocean_post_title":"","ocean_post_subheading":"","ocean_post_title_style":"","ocean_post_title_background_color":"","ocean_post_title_background":0,"ocean_post_title_bg_image_position":"","ocean_post_title_bg_image_attachment":"","ocean_post_title_bg_image_repeat":"","ocean_post_title_bg_image_size":"","ocean_post_title_height":0,"ocean_post_title_bg_overlay":0.5,"ocean_post_title_bg_overlay_color":"","ocean_disable_breadcrumbs":"default","ocean_breadcrumbs_color":"","ocean_breadcrumbs_separator_color":"","ocean_breadcrumbs_links_color":"","ocean_breadcrumbs_links_hover_color":"","ocean_display_footer_widgets":"default","ocean_display_footer_bottom":"default","ocean_custom_footer_template":"0"},"product_cat":[41,42,31],"product_tag":[125,196],"_links":{"self":[{"href":"https:\/\/xsportscs.com.br\/index.php?rest_route=\/wp\/v2\/product\/3067"}],"collection":[{"href":"https:\/\/xsportscs.com.br\/index.php?rest_route=\/wp\/v2\/product"}],"about":[{"href":"https:\/\/xsportscs.com.br\/index.php?rest_route=\/wp\/v2\/types\/product"}],"replies":[{"embeddable":true,"href":"https:\/\/xsportscs.com.br\/index.php?rest_route=%2Fwp%2Fv2%2Fcomments&post=3067"}],"version-history":[{"count":3,"href":"https:\/\/xsportscs.com.br\/index.php?rest_route=\/wp\/v2\/product\/3067\/revisions"}],"predecessor-version":[{"id":3094,"href":"https:\/\/xsportscs.com.br\/index.php?rest_route=\/wp\/v2\/product\/3067\/revisions\/3094"}],"wp:featuredmedia":[{"embeddable":true,"href":"https:\/\/xsportscs.com.br\/index.php?rest_route=\/wp\/v2\/media\/3068"}],"wp:attachment":[{"href":"https:\/\/xsportscs.com.br\/index.php?rest_route=%2Fwp%2Fv2%2Fmedia&parent=3067"}],"wp:term":[{"taxonomy":"product_cat","embeddable":true,"href":"https:\/\/xsportscs.com.br\/index.php?rest_route=%2Fwp%2Fv2%2Fproduct_cat&post=3067"},{"taxonomy":"product_tag","embeddable":true,"href":"https:\/\/xsportscs.com.br\/index.php?rest_route=%2Fwp%2Fv2%2Fproduct_tag&post=3067"}],"curies":[{"name":"wp","href":"https:\/\/api.w.org\/{rel}","templated":true}]}}