{"id":3000,"date":"2021-10-04T12:01:32","date_gmt":"2021-10-04T15:01:32","guid":{"rendered":"https:\/\/xsportscs.com.br\/?post_type=product&#038;p=3000"},"modified":"2022-03-15T11:15:22","modified_gmt":"2022-03-15T14:15:22","slug":"truck-independent-139mm-stg-11-polished","status":"publish","type":"product","link":"https:\/\/xsportscs.com.br\/?product=truck-independent-139mm-stg-11-polished","title":{"rendered":"TRUCK INDEPENDENT 139mm -STG 11 POLISHED"},"content":{"rendered":"<p>A marca americana Independent Trucks est\u00e1 entre as marcas mais conceituadas dentro da mundo do skate. Carinhosamente conhecida como Indy, foi fundada em Newark, Calif\u00f3rnia em 1978, e hoje est\u00e1 baseada em Santa Cruz, tamb\u00e9m na Calif\u00f3rnia.<\/p>\n<p>Facilmente identificado nos skateparks, bowls e principais picos de skate, o seu logotipo Cruz de Malta  simboliza a hist\u00f3ria do melhor truck de skate j\u00e1 projetado e redesenhado, al\u00e9m do pr\u00f3prio papel da Independent na evolu\u00e7\u00e3o do skate. <\/p>\n<p>Presente nas camisetas, bon\u00e9s, trucks, parafusos, bermudas, pads, moletons, gorros, meias e cal\u00e7as, os seus logotipo e slogan Built to Grind ( algo tipo Feitos para Deslizar ) traduzem a imagem e o significado da Independent para as pessoas que a ap\u00f3iam e endossam.<\/p>\n<p>A Independent produz o melhor truck j\u00e1 feito, e o sucesso de suas roupas, acess\u00f3rios e equipamentos \u00e9 uma extens\u00e3o deste reconhecimento por parte da mundo do skate.<\/p>\n<p>Afinal, al\u00e9m de sua hist\u00f3ria, a Independent \u00e9 a marca que patrocina a mais extensa lista skatistas ao redor do mundo e possui uma equipe que vai de Tony Alva \u00e0 Pedro Barros, de Tommy Guerrero \u00e0 Bob Burnquist. Isso sem falar do Tony Hawk, que se juntou \u00e0 equipe em 2013.<\/p>\n<p>Se voc\u00ea gosta de skate e adora a cultura do skate, esta marca \u00e9 definitivamente uma das que mais exigem o seu respeito. Seja pelo constante apoio ao skate ou pela retrospectiva da hist\u00f3ria da Indy nos \u00faltimos 25 anos.<\/p>\n<p>Ao comprar um produto da Independent, voc\u00ea esta levando como voc\u00ea uma parte  desenvolvimento e evolu\u00e7\u00e3o do skate e demonstrando sua admira\u00e7\u00e3o e respeito \u00e0 linhagem de profissionais que andam sobre o carrinho com orgulho.<\/p>\n","protected":false},"excerpt":{"rendered":"<p>Se voc\u00ea gosta de skate e adora a cultura do skate, esta marca \u00e9 definitivamente uma das que mais exigem o seu respeito.<\/p>\n","protected":false},"featured_media":3001,"comment_status":"open","ping_status":"closed","template":"","meta":{"ocean_post_layout":"","ocean_both_sidebars_style":"","ocean_both_sidebars_content_width":0,"ocean_both_sidebars_sidebars_width":0,"ocean_sidebar":"0","ocean_second_sidebar":"0","ocean_disable_margins":"enable","ocean_add_body_class":"","ocean_shortcode_before_top_bar":"","ocean_shortcode_after_top_bar":"","ocean_shortcode_before_header":"","ocean_shortcode_after_header":"","ocean_has_shortcode":"","ocean_shortcode_after_title":"","ocean_shortcode_before_footer_widgets":"","ocean_shortcode_after_footer_widgets":"","ocean_shortcode_before_footer_bottom":"","ocean_shortcode_after_footer_bottom":"","ocean_display_top_bar":"default","ocean_display_header":"default","ocean_header_style":"","ocean_center_header_left_menu":"0","ocean_custom_header_template":"0","ocean_custom_logo":0,"ocean_custom_retina_logo":0,"ocean_custom_logo_max_width":0,"ocean_custom_logo_tablet_max_width":0,"ocean_custom_logo_mobile_max_width":0,"ocean_custom_logo_max_height":0,"ocean_custom_logo_tablet_max_height":0,"ocean_custom_logo_mobile_max_height":0,"ocean_header_custom_menu":"0","ocean_menu_typo_font_family":"0","ocean_menu_typo_font_subset":"","ocean_menu_typo_font_size":0,"ocean_menu_typo_font_size_tablet":0,"ocean_menu_typo_font_size_mobile":0,"ocean_menu_typo_font_size_unit":"px","ocean_menu_typo_font_weight":"","ocean_menu_typo_font_weight_tablet":"","ocean_menu_typo_font_weight_mobile":"","ocean_menu_typo_transform":"","ocean_menu_typo_transform_tablet":"","ocean_menu_typo_transform_mobile":"","ocean_menu_typo_line_height":0,"ocean_menu_typo_line_height_tablet":0,"ocean_menu_typo_line_height_mobile":0,"ocean_menu_typo_line_height_unit":"","ocean_menu_typo_spacing":0,"ocean_menu_typo_spacing_tablet":0,"ocean_menu_typo_spacing_mobile":0,"ocean_menu_typo_spacing_unit":"","ocean_menu_link_color":"","ocean_menu_link_color_hover":"","ocean_menu_link_color_active":"","ocean_menu_link_background":"","ocean_menu_link_hover_background":"","ocean_menu_link_active_background":"","ocean_menu_social_links_bg":"","ocean_menu_social_hover_links_bg":"","ocean_menu_social_links_color":"","ocean_menu_social_hover_links_color":"","ocean_disable_title":"default","ocean_disable_heading":"default","ocean_post_title":"","ocean_post_subheading":"","ocean_post_title_style":"","ocean_post_title_background_color":"","ocean_post_title_background":0,"ocean_post_title_bg_image_position":"","ocean_post_title_bg_image_attachment":"","ocean_post_title_bg_image_repeat":"","ocean_post_title_bg_image_size":"","ocean_post_title_height":0,"ocean_post_title_bg_overlay":0.5,"ocean_post_title_bg_overlay_color":"","ocean_disable_breadcrumbs":"default","ocean_breadcrumbs_color":"","ocean_breadcrumbs_separator_color":"","ocean_breadcrumbs_links_color":"","ocean_breadcrumbs_links_hover_color":"","ocean_display_footer_widgets":"default","ocean_display_footer_bottom":"default","ocean_custom_footer_template":"0"},"product_cat":[42,31,39],"product_tag":[154,148,153],"_links":{"self":[{"href":"https:\/\/xsportscs.com.br\/index.php?rest_route=\/wp\/v2\/product\/3000"}],"collection":[{"href":"https:\/\/xsportscs.com.br\/index.php?rest_route=\/wp\/v2\/product"}],"about":[{"href":"https:\/\/xsportscs.com.br\/index.php?rest_route=\/wp\/v2\/types\/product"}],"replies":[{"embeddable":true,"href":"https:\/\/xsportscs.com.br\/index.php?rest_route=%2Fwp%2Fv2%2Fcomments&post=3000"}],"version-history":[{"count":1,"href":"https:\/\/xsportscs.com.br\/index.php?rest_route=\/wp\/v2\/product\/3000\/revisions"}],"predecessor-version":[{"id":3003,"href":"https:\/\/xsportscs.com.br\/index.php?rest_route=\/wp\/v2\/product\/3000\/revisions\/3003"}],"wp:featuredmedia":[{"embeddable":true,"href":"https:\/\/xsportscs.com.br\/index.php?rest_route=\/wp\/v2\/media\/3001"}],"wp:attachment":[{"href":"https:\/\/xsportscs.com.br\/index.php?rest_route=%2Fwp%2Fv2%2Fmedia&parent=3000"}],"wp:term":[{"taxonomy":"product_cat","embeddable":true,"href":"https:\/\/xsportscs.com.br\/index.php?rest_route=%2Fwp%2Fv2%2Fproduct_cat&post=3000"},{"taxonomy":"product_tag","embeddable":true,"href":"https:\/\/xsportscs.com.br\/index.php?rest_route=%2Fwp%2Fv2%2Fproduct_tag&post=3000"}],"curies":[{"name":"wp","href":"https:\/\/api.w.org\/{rel}","templated":true}]}}