{"id":2803,"date":"2021-04-24T13:24:16","date_gmt":"2021-04-24T16:24:16","guid":{"rendered":"https:\/\/xsportscs.com.br\/?post_type=product&#038;p=2803"},"modified":"2021-04-24T13:24:17","modified_gmt":"2021-04-24T16:24:17","slug":"truck-crail-invertido-black-200mm-eixo-10mm","status":"publish","type":"product","link":"https:\/\/xsportscs.com.br\/?product=truck-crail-invertido-black-200mm-eixo-10mm","title":{"rendered":"TRUCK CRAIL INVERTIDO BLACK 200mm Eixo 10mm"},"content":{"rendered":"<p>Descri\u00e7\u00e3o<br \/>\nTruck Crail 200mm Eixo 10mm<\/p>\n<p>Aten\u00e7\u00e3o: n\u00e3o \u00e9 a padr\u00e3o de skate e longboard. Utilizam rolamentos de 10mm<\/p>\n<p>ALTA VELOCIDADE NO DOWNHILL SPEED.<\/p>\n<p>Similar ao Speed 180mm, o truck Crail Speed 200mm \u00e9 recomendado para sess\u00f5es que envolvem alta velocidade no Downhill Speed. Por ser mais largo, ele \u00e9 ainda mais est\u00e1vel conferindo mais seguran\u00e7a nas descidas.<\/p>\n<p>Devido ao prisioneiro com maior di\u00e2metro, o Crail Speed 200mm \u00e9 montado apenas com rolamentos de 10mm, por isto, n\u00e3o deixe este detalhe passar!<\/p>\n<p>Descri\u00e7\u00e3o:<\/p>\n<p>&#8211; Truck para Speed<br \/>\n&#8211; Modelo: 200mm Invertido<br \/>\n&#8211; Tamanho do T: 200mm (desconsiderando a haste)<br \/>\n&#8211; Peso aproximado: 950 gr o par<br \/>\n&#8211; Tamanho da roda ideal: 70 at\u00e9 90 mm<br \/>\n&#8211; Material truck: Liga Alum\u00ednio<br \/>\n&#8211; Material eixo: A\u00e7o Temperado<br \/>\n&#8211; Di\u00e2metro do eixo: 10 mm<br \/>\n&#8211; Acabamento: Trave e base Prata<br \/>\n&#8211; Amortecedor: Moog 95A<br \/>\n&#8211; Marca: Crail<\/p>\n<p>Conte\u00fado da Embalagem:<\/p>\n<p>&#8211; 2 Truck Crail 200mm<\/p>\n","protected":false},"excerpt":{"rendered":"<p>Truck Crail 200mm Eixo 10mm<\/p>\n","protected":false},"featured_media":2804,"comment_status":"open","ping_status":"closed","template":"","meta":{"ocean_post_layout":"","ocean_both_sidebars_style":"","ocean_both_sidebars_content_width":0,"ocean_both_sidebars_sidebars_width":0,"ocean_sidebar":"0","ocean_second_sidebar":"0","ocean_disable_margins":"enable","ocean_add_body_class":"","ocean_shortcode_before_top_bar":"","ocean_shortcode_after_top_bar":"","ocean_shortcode_before_header":"","ocean_shortcode_after_header":"","ocean_has_shortcode":"","ocean_shortcode_after_title":"","ocean_shortcode_before_footer_widgets":"","ocean_shortcode_after_footer_widgets":"","ocean_shortcode_before_footer_bottom":"","ocean_shortcode_after_footer_bottom":"","ocean_display_top_bar":"default","ocean_display_header":"default","ocean_header_style":"","ocean_center_header_left_menu":"0","ocean_custom_header_template":"0","ocean_custom_logo":0,"ocean_custom_retina_logo":0,"ocean_custom_logo_max_width":0,"ocean_custom_logo_tablet_max_width":0,"ocean_custom_logo_mobile_max_width":0,"ocean_custom_logo_max_height":0,"ocean_custom_logo_tablet_max_height":0,"ocean_custom_logo_mobile_max_height":0,"ocean_header_custom_menu":"0","ocean_menu_typo_font_family":"0","ocean_menu_typo_font_subset":"","ocean_menu_typo_font_size":0,"ocean_menu_typo_font_size_tablet":0,"ocean_menu_typo_font_size_mobile":0,"ocean_menu_typo_font_size_unit":"px","ocean_menu_typo_font_weight":"","ocean_menu_typo_font_weight_tablet":"","ocean_menu_typo_font_weight_mobile":"","ocean_menu_typo_transform":"","ocean_menu_typo_transform_tablet":"","ocean_menu_typo_transform_mobile":"","ocean_menu_typo_line_height":0,"ocean_menu_typo_line_height_tablet":0,"ocean_menu_typo_line_height_mobile":0,"ocean_menu_typo_line_height_unit":"","ocean_menu_typo_spacing":0,"ocean_menu_typo_spacing_tablet":0,"ocean_menu_typo_spacing_mobile":0,"ocean_menu_typo_spacing_unit":"","ocean_menu_link_color":"","ocean_menu_link_color_hover":"","ocean_menu_link_color_active":"","ocean_menu_link_background":"","ocean_menu_link_hover_background":"","ocean_menu_link_active_background":"","ocean_menu_social_links_bg":"","ocean_menu_social_hover_links_bg":"","ocean_menu_social_links_color":"","ocean_menu_social_hover_links_color":"","ocean_disable_title":"default","ocean_disable_heading":"default","ocean_post_title":"","ocean_post_subheading":"","ocean_post_title_style":"","ocean_post_title_background_color":"","ocean_post_title_background":0,"ocean_post_title_bg_image_position":"","ocean_post_title_bg_image_attachment":"","ocean_post_title_bg_image_repeat":"","ocean_post_title_bg_image_size":"","ocean_post_title_height":0,"ocean_post_title_bg_overlay":0.5,"ocean_post_title_bg_overlay_color":"","ocean_disable_breadcrumbs":"default","ocean_breadcrumbs_color":"","ocean_breadcrumbs_separator_color":"","ocean_breadcrumbs_links_color":"","ocean_breadcrumbs_links_hover_color":"","ocean_display_footer_widgets":"default","ocean_display_footer_bottom":"default","ocean_custom_footer_template":"0"},"product_cat":[43,42,46],"product_tag":[211,149,153],"_links":{"self":[{"href":"https:\/\/xsportscs.com.br\/index.php?rest_route=\/wp\/v2\/product\/2803"}],"collection":[{"href":"https:\/\/xsportscs.com.br\/index.php?rest_route=\/wp\/v2\/product"}],"about":[{"href":"https:\/\/xsportscs.com.br\/index.php?rest_route=\/wp\/v2\/types\/product"}],"replies":[{"embeddable":true,"href":"https:\/\/xsportscs.com.br\/index.php?rest_route=%2Fwp%2Fv2%2Fcomments&post=2803"}],"version-history":[{"count":1,"href":"https:\/\/xsportscs.com.br\/index.php?rest_route=\/wp\/v2\/product\/2803\/revisions"}],"predecessor-version":[{"id":2806,"href":"https:\/\/xsportscs.com.br\/index.php?rest_route=\/wp\/v2\/product\/2803\/revisions\/2806"}],"wp:featuredmedia":[{"embeddable":true,"href":"https:\/\/xsportscs.com.br\/index.php?rest_route=\/wp\/v2\/media\/2804"}],"wp:attachment":[{"href":"https:\/\/xsportscs.com.br\/index.php?rest_route=%2Fwp%2Fv2%2Fmedia&parent=2803"}],"wp:term":[{"taxonomy":"product_cat","embeddable":true,"href":"https:\/\/xsportscs.com.br\/index.php?rest_route=%2Fwp%2Fv2%2Fproduct_cat&post=2803"},{"taxonomy":"product_tag","embeddable":true,"href":"https:\/\/xsportscs.com.br\/index.php?rest_route=%2Fwp%2Fv2%2Fproduct_tag&post=2803"}],"curies":[{"name":"wp","href":"https:\/\/api.w.org\/{rel}","templated":true}]}}