{"id":2697,"date":"2021-04-23T11:58:48","date_gmt":"2021-04-23T14:58:48","guid":{"rendered":"https:\/\/xsportscs.com.br\/?post_type=product&#038;p=2697"},"modified":"2021-04-23T11:58:48","modified_gmt":"2021-04-23T14:58:48","slug":"lixa-para-longboard-old-school","status":"publish","type":"product","link":"https:\/\/xsportscs.com.br\/?product=lixa-para-longboard-old-school","title":{"rendered":"LIXA PARA LONGBOARD\/ OLD SCHOOL"},"content":{"rendered":"<p>LIXA PARA LONGBOARD<\/p>\n<p>A lixa \u00e9 o acess\u00f3rio indispens\u00e1vel que possa ter controle e ader\u00eancia total durante as manobras. Esta lixa possui granula\u00e7\u00e3o ideal e evita o desgaste dos cal\u00e7ados. Esse produto conta com colagem autoadesiva e recorte tradicional de longboard.<\/p>\n<p>Dados T\u00e9cnicos:<\/p>\n<p>Lixa Alto Colante \u00e0 base de solvente;<br \/>\nCor da Lixa PRETO;<br \/>\nLargura da Lixa: (Aproximadamente 28 x 130 Cm) ;<br \/>\nGr\u00e3o da Lixa 80;<br \/>\nMaterial carboneto de sil\u00edcio.<\/p>\n","protected":false},"excerpt":{"rendered":"<p>LIXA PARA LONGBOARD A lixa \u00e9 o acess\u00f3rio indispens\u00e1vel que possa ter controle e ader\u00eancia total durante as manobras. Esta lixa possui granula\u00e7\u00e3o ideal e evita o desgaste dos cal\u00e7ados. Esse produto conta com colagem autoadesiva e recorte tradicional de longboard. Dados T\u00e9cnicos: Lixa Alto Colante \u00e0 base de solvente; Cor da Lixa PRETO; Largura [&hellip;]<\/p>\n","protected":false},"featured_media":2644,"comment_status":"open","ping_status":"closed","template":"","meta":{"ocean_post_layout":"","ocean_both_sidebars_style":"","ocean_both_sidebars_content_width":0,"ocean_both_sidebars_sidebars_width":0,"ocean_sidebar":"0","ocean_second_sidebar":"0","ocean_disable_margins":"enable","ocean_add_body_class":"","ocean_shortcode_before_top_bar":"","ocean_shortcode_after_top_bar":"","ocean_shortcode_before_header":"","ocean_shortcode_after_header":"","ocean_has_shortcode":"","ocean_shortcode_after_title":"","ocean_shortcode_before_footer_widgets":"","ocean_shortcode_after_footer_widgets":"","ocean_shortcode_before_footer_bottom":"","ocean_shortcode_after_footer_bottom":"","ocean_display_top_bar":"default","ocean_display_header":"default","ocean_header_style":"","ocean_center_header_left_menu":"0","ocean_custom_header_template":"0","ocean_custom_logo":0,"ocean_custom_retina_logo":0,"ocean_custom_logo_max_width":0,"ocean_custom_logo_tablet_max_width":0,"ocean_custom_logo_mobile_max_width":0,"ocean_custom_logo_max_height":0,"ocean_custom_logo_tablet_max_height":0,"ocean_custom_logo_mobile_max_height":0,"ocean_header_custom_menu":"0","ocean_menu_typo_font_family":"0","ocean_menu_typo_font_subset":"","ocean_menu_typo_font_size":0,"ocean_menu_typo_font_size_tablet":0,"ocean_menu_typo_font_size_mobile":0,"ocean_menu_typo_font_size_unit":"px","ocean_menu_typo_font_weight":"","ocean_menu_typo_font_weight_tablet":"","ocean_menu_typo_font_weight_mobile":"","ocean_menu_typo_transform":"","ocean_menu_typo_transform_tablet":"","ocean_menu_typo_transform_mobile":"","ocean_menu_typo_line_height":0,"ocean_menu_typo_line_height_tablet":0,"ocean_menu_typo_line_height_mobile":0,"ocean_menu_typo_line_height_unit":"","ocean_menu_typo_spacing":0,"ocean_menu_typo_spacing_tablet":0,"ocean_menu_typo_spacing_mobile":0,"ocean_menu_typo_spacing_unit":"","ocean_menu_link_color":"","ocean_menu_link_color_hover":"","ocean_menu_link_color_active":"","ocean_menu_link_background":"","ocean_menu_link_hover_background":"","ocean_menu_link_active_background":"","ocean_menu_social_links_bg":"","ocean_menu_social_hover_links_bg":"","ocean_menu_social_links_color":"","ocean_menu_social_hover_links_color":"","ocean_disable_title":"default","ocean_disable_heading":"default","ocean_post_title":"","ocean_post_subheading":"","ocean_post_title_style":"","ocean_post_title_background_color":"","ocean_post_title_background":0,"ocean_post_title_bg_image_position":"","ocean_post_title_bg_image_attachment":"","ocean_post_title_bg_image_repeat":"","ocean_post_title_bg_image_size":"","ocean_post_title_height":0,"ocean_post_title_bg_overlay":0.5,"ocean_post_title_bg_overlay_color":"","ocean_disable_breadcrumbs":"default","ocean_breadcrumbs_color":"","ocean_breadcrumbs_separator_color":"","ocean_breadcrumbs_links_color":"","ocean_breadcrumbs_links_hover_color":"","ocean_display_footer_widgets":"default","ocean_display_footer_bottom":"default","ocean_custom_footer_template":"0"},"product_cat":[135,43,42],"product_tag":[192,149,145],"_links":{"self":[{"href":"https:\/\/xsportscs.com.br\/index.php?rest_route=\/wp\/v2\/product\/2697"}],"collection":[{"href":"https:\/\/xsportscs.com.br\/index.php?rest_route=\/wp\/v2\/product"}],"about":[{"href":"https:\/\/xsportscs.com.br\/index.php?rest_route=\/wp\/v2\/types\/product"}],"replies":[{"embeddable":true,"href":"https:\/\/xsportscs.com.br\/index.php?rest_route=%2Fwp%2Fv2%2Fcomments&post=2697"}],"version-history":[{"count":1,"href":"https:\/\/xsportscs.com.br\/index.php?rest_route=\/wp\/v2\/product\/2697\/revisions"}],"predecessor-version":[{"id":2698,"href":"https:\/\/xsportscs.com.br\/index.php?rest_route=\/wp\/v2\/product\/2697\/revisions\/2698"}],"wp:featuredmedia":[{"embeddable":true,"href":"https:\/\/xsportscs.com.br\/index.php?rest_route=\/wp\/v2\/media\/2644"}],"wp:attachment":[{"href":"https:\/\/xsportscs.com.br\/index.php?rest_route=%2Fwp%2Fv2%2Fmedia&parent=2697"}],"wp:term":[{"taxonomy":"product_cat","embeddable":true,"href":"https:\/\/xsportscs.com.br\/index.php?rest_route=%2Fwp%2Fv2%2Fproduct_cat&post=2697"},{"taxonomy":"product_tag","embeddable":true,"href":"https:\/\/xsportscs.com.br\/index.php?rest_route=%2Fwp%2Fv2%2Fproduct_tag&post=2697"}],"curies":[{"name":"wp","href":"https:\/\/api.w.org\/{rel}","templated":true}]}}