{"id":2634,"date":"2021-04-19T15:39:25","date_gmt":"2021-04-19T15:39:25","guid":{"rendered":"http:\/\/xsportscs.com.br\/?post_type=product&#038;p=2634"},"modified":"2022-07-01T07:37:10","modified_gmt":"2022-07-01T10:37:10","slug":"lixa-grizzly-mini-bear-cutout-preto-azul","status":"publish","type":"product","link":"https:\/\/xsportscs.com.br\/?product=lixa-grizzly-mini-bear-cutout-preto-azul","title":{"rendered":"Lixa Emborrachada Grizzly AZUL"},"content":{"rendered":"<p>Descri\u00e7\u00e3o da Marca<\/p>\n<p>A Grizzly nasceu de uma paix\u00e3o pelo skate do pr\u00e9-adolescente pro skater Torey Pudwill.  Pudwill n\u00e3o tinha ideia do que estava se metendo quando come\u00e7ou a fazer cera de skate a partir dos moldes de cupcake da m\u00e3e de seu amigo e depois usando recortes de metal para criar lixas exclusivas para sua equipe. Anos mais tarde, essa brincadeira acabaria se tornando um neg\u00f3cio multimilion\u00e1rio que se somaria \u00e0 sua j\u00e1 crescente carreira no skate.<\/p>\n<p>Como muitos skatistas da Calif\u00f3rnia dos nos anos 90, Torey come\u00e7ou a trabalhar numa marca de skate, a Skatelab, vendendo seu primeiro produto l\u00e1 e, finalmente, usando as habilidades que ele aperfei\u00e7oou naquele no Simi Valley skatepark para alavancar sua bem sucedida carreira profissional de skate.  <\/p>\n<p>A Grizzly, n\u00e3o come\u00e7ou com a lixa de skate, mas sim com vela. Chamava-se Grizzly Grease e era apenas um passatempo divertido de crian\u00e7a. O nome Grizzly veio a partir da forma do molde, que era um urso &#8211; Grizzly \u00e9 uma esp\u00e9cie de urso em Ingl\u00eas, e o s\u00edmbolo da Calif\u00f3rnia. O pai de Torey desenhou o logotipo \u00e0 m\u00e3o.<\/p>\n","protected":false},"excerpt":{"rendered":"<p>Tamanho: 9 x 33 Polegadas ou 83 cm x 23 cm<\/p>\n","protected":false},"featured_media":2635,"comment_status":"open","ping_status":"closed","template":"","meta":{"ocean_post_layout":"","ocean_both_sidebars_style":"","ocean_both_sidebars_content_width":0,"ocean_both_sidebars_sidebars_width":0,"ocean_sidebar":"","ocean_second_sidebar":"","ocean_disable_margins":"enable","ocean_add_body_class":"","ocean_shortcode_before_top_bar":"","ocean_shortcode_after_top_bar":"","ocean_shortcode_before_header":"","ocean_shortcode_after_header":"","ocean_has_shortcode":"","ocean_shortcode_after_title":"","ocean_shortcode_before_footer_widgets":"","ocean_shortcode_after_footer_widgets":"","ocean_shortcode_before_footer_bottom":"","ocean_shortcode_after_footer_bottom":"","ocean_display_top_bar":"default","ocean_display_header":"default","ocean_header_style":"","ocean_center_header_left_menu":"","ocean_custom_header_template":"","ocean_custom_logo":0,"ocean_custom_retina_logo":0,"ocean_custom_logo_max_width":0,"ocean_custom_logo_tablet_max_width":0,"ocean_custom_logo_mobile_max_width":0,"ocean_custom_logo_max_height":0,"ocean_custom_logo_tablet_max_height":0,"ocean_custom_logo_mobile_max_height":0,"ocean_header_custom_menu":"","ocean_menu_typo_font_family":"","ocean_menu_typo_font_subset":"","ocean_menu_typo_font_size":0,"ocean_menu_typo_font_size_tablet":0,"ocean_menu_typo_font_size_mobile":0,"ocean_menu_typo_font_size_unit":"px","ocean_menu_typo_font_weight":"","ocean_menu_typo_font_weight_tablet":"","ocean_menu_typo_font_weight_mobile":"","ocean_menu_typo_transform":"","ocean_menu_typo_transform_tablet":"","ocean_menu_typo_transform_mobile":"","ocean_menu_typo_line_height":0,"ocean_menu_typo_line_height_tablet":0,"ocean_menu_typo_line_height_mobile":0,"ocean_menu_typo_line_height_unit":"","ocean_menu_typo_spacing":0,"ocean_menu_typo_spacing_tablet":0,"ocean_menu_typo_spacing_mobile":0,"ocean_menu_typo_spacing_unit":"","ocean_menu_link_color":"","ocean_menu_link_color_hover":"","ocean_menu_link_color_active":"","ocean_menu_link_background":"","ocean_menu_link_hover_background":"","ocean_menu_link_active_background":"","ocean_menu_social_links_bg":"","ocean_menu_social_hover_links_bg":"","ocean_menu_social_links_color":"","ocean_menu_social_hover_links_color":"","ocean_disable_title":"default","ocean_disable_heading":"default","ocean_post_title":"","ocean_post_subheading":"","ocean_post_title_style":"","ocean_post_title_background_color":"","ocean_post_title_background":0,"ocean_post_title_bg_image_position":"","ocean_post_title_bg_image_attachment":"","ocean_post_title_bg_image_repeat":"","ocean_post_title_bg_image_size":"","ocean_post_title_height":0,"ocean_post_title_bg_overlay":0.5,"ocean_post_title_bg_overlay_color":"","ocean_disable_breadcrumbs":"default","ocean_breadcrumbs_color":"","ocean_breadcrumbs_separator_color":"","ocean_breadcrumbs_links_color":"","ocean_breadcrumbs_links_hover_color":"","ocean_display_footer_widgets":"default","ocean_display_footer_bottom":"default","ocean_custom_footer_template":""},"product_cat":[49,38,42,31],"product_tag":[202,192,193],"_links":{"self":[{"href":"https:\/\/xsportscs.com.br\/index.php?rest_route=\/wp\/v2\/product\/2634"}],"collection":[{"href":"https:\/\/xsportscs.com.br\/index.php?rest_route=\/wp\/v2\/product"}],"about":[{"href":"https:\/\/xsportscs.com.br\/index.php?rest_route=\/wp\/v2\/types\/product"}],"replies":[{"embeddable":true,"href":"https:\/\/xsportscs.com.br\/index.php?rest_route=%2Fwp%2Fv2%2Fcomments&post=2634"}],"version-history":[{"count":3,"href":"https:\/\/xsportscs.com.br\/index.php?rest_route=\/wp\/v2\/product\/2634\/revisions"}],"predecessor-version":[{"id":2642,"href":"https:\/\/xsportscs.com.br\/index.php?rest_route=\/wp\/v2\/product\/2634\/revisions\/2642"}],"wp:featuredmedia":[{"embeddable":true,"href":"https:\/\/xsportscs.com.br\/index.php?rest_route=\/wp\/v2\/media\/2635"}],"wp:attachment":[{"href":"https:\/\/xsportscs.com.br\/index.php?rest_route=%2Fwp%2Fv2%2Fmedia&parent=2634"}],"wp:term":[{"taxonomy":"product_cat","embeddable":true,"href":"https:\/\/xsportscs.com.br\/index.php?rest_route=%2Fwp%2Fv2%2Fproduct_cat&post=2634"},{"taxonomy":"product_tag","embeddable":true,"href":"https:\/\/xsportscs.com.br\/index.php?rest_route=%2Fwp%2Fv2%2Fproduct_tag&post=2634"}],"curies":[{"name":"wp","href":"https:\/\/api.w.org\/{rel}","templated":true}]}}