{"id":2534,"date":"2021-04-14T16:58:05","date_gmt":"2021-04-14T16:58:05","guid":{"rendered":"http:\/\/xsportscs.com.br\/?post_type=product&#038;p=2534"},"modified":"2022-12-02T21:38:27","modified_gmt":"2022-12-03T00:38:27","slug":"shape-santa-cruz-maple-classic-dot-old-school-9-42","status":"publish","type":"product","link":"https:\/\/xsportscs.com.br\/?product=shape-santa-cruz-maple-classic-dot-old-school-9-42","title":{"rendered":"Shape Santa Cruz Maple &#8211; Classic Dot Old School 9.42"},"content":{"rendered":"<p>Shape Santa Cruz Maple<\/p>\n<p>Uma das marcas mais tradicionais do skate mundial, a Santa Cruz Skateboards produz shapes com 100% North American Maple, que s\u00e3o reconhecidos pela alta qualidade e tecnologia em sua fabrica\u00e7\u00e3o, Al\u00e9m dos gr\u00e1ficos ic\u00f4nicos que marcou gera\u00e7\u00f5es e at\u00e9 hoje conquista novos f\u00e3s. Um produto voltado para a alta performance, aprovado e garantido pela excelente e lend\u00e1ria equipe de skatistas da Santa Cruz Skateboards.<\/p>\n<p>Especifica\u00e7\u00f5es:<\/p>\n<p>\u2013 Constru\u00e7\u00e3o com 7 l\u00e2minas de NORTH AMERICAN MAPLE.<\/p>\n<p>\u2013 L\u00e2mina superior colorida e envernizada (Cores podem variar)<\/p>\n<p>\u2013 L\u00e2mina do meio colorida<\/p>\n<p>\u2013 Fura\u00e7\u00e3o automatizada e altamente precisa<\/p>\n<p>\u2013 Gr\u00e1fico em Heat Transfer<\/p>\n<p>\u2013 Acabamento impec\u00e1vel<\/p>\n<p>Medidas Aproximadas 9.42\u2033:<\/p>\n<p>Largura:<\/p>\n<p>9\u2033 \u2013 22,8 cm<\/p>\n<p>Comprimento:<\/p>\n<p>31.88\u2033<\/p>\n<p>Wheel Base:<\/p>\n<p>15\u2033 \u2013 38 cm<\/p>\n","protected":false},"excerpt":{"rendered":"<p>Uma das marcas mais tradicionais do skate mundial<\/p>\n","protected":false},"featured_media":2535,"comment_status":"open","ping_status":"closed","template":"","meta":{"ocean_post_layout":"","ocean_both_sidebars_style":"","ocean_both_sidebars_content_width":0,"ocean_both_sidebars_sidebars_width":0,"ocean_sidebar":"0","ocean_second_sidebar":"0","ocean_disable_margins":"enable","ocean_add_body_class":"","ocean_shortcode_before_top_bar":"","ocean_shortcode_after_top_bar":"","ocean_shortcode_before_header":"","ocean_shortcode_after_header":"","ocean_has_shortcode":"","ocean_shortcode_after_title":"","ocean_shortcode_before_footer_widgets":"","ocean_shortcode_after_footer_widgets":"","ocean_shortcode_before_footer_bottom":"","ocean_shortcode_after_footer_bottom":"","ocean_display_top_bar":"default","ocean_display_header":"default","ocean_header_style":"","ocean_center_header_left_menu":"0","ocean_custom_header_template":"0","ocean_custom_logo":0,"ocean_custom_retina_logo":0,"ocean_custom_logo_max_width":0,"ocean_custom_logo_tablet_max_width":0,"ocean_custom_logo_mobile_max_width":0,"ocean_custom_logo_max_height":0,"ocean_custom_logo_tablet_max_height":0,"ocean_custom_logo_mobile_max_height":0,"ocean_header_custom_menu":"0","ocean_menu_typo_font_family":"0","ocean_menu_typo_font_subset":"","ocean_menu_typo_font_size":0,"ocean_menu_typo_font_size_tablet":0,"ocean_menu_typo_font_size_mobile":0,"ocean_menu_typo_font_size_unit":"px","ocean_menu_typo_font_weight":"","ocean_menu_typo_font_weight_tablet":"","ocean_menu_typo_font_weight_mobile":"","ocean_menu_typo_transform":"","ocean_menu_typo_transform_tablet":"","ocean_menu_typo_transform_mobile":"","ocean_menu_typo_line_height":0,"ocean_menu_typo_line_height_tablet":0,"ocean_menu_typo_line_height_mobile":0,"ocean_menu_typo_line_height_unit":"","ocean_menu_typo_spacing":0,"ocean_menu_typo_spacing_tablet":0,"ocean_menu_typo_spacing_mobile":0,"ocean_menu_typo_spacing_unit":"","ocean_menu_link_color":"","ocean_menu_link_color_hover":"","ocean_menu_link_color_active":"","ocean_menu_link_background":"","ocean_menu_link_hover_background":"","ocean_menu_link_active_background":"","ocean_menu_social_links_bg":"","ocean_menu_social_hover_links_bg":"","ocean_menu_social_links_color":"","ocean_menu_social_hover_links_color":"","ocean_disable_title":"default","ocean_disable_heading":"default","ocean_post_title":"","ocean_post_subheading":"","ocean_post_title_style":"","ocean_post_title_background_color":"","ocean_post_title_background":0,"ocean_post_title_bg_image_position":"","ocean_post_title_bg_image_attachment":"","ocean_post_title_bg_image_repeat":"","ocean_post_title_bg_image_size":"","ocean_post_title_height":0,"ocean_post_title_bg_overlay":0.5,"ocean_post_title_bg_overlay_color":"","ocean_disable_breadcrumbs":"default","ocean_breadcrumbs_color":"","ocean_breadcrumbs_separator_color":"","ocean_breadcrumbs_links_color":"","ocean_breadcrumbs_links_hover_color":"","ocean_display_footer_widgets":"default","ocean_display_footer_bottom":"default","ocean_custom_footer_template":"0"},"product_cat":[43,48,42,31],"product_tag":[125,193],"_links":{"self":[{"href":"https:\/\/xsportscs.com.br\/index.php?rest_route=\/wp\/v2\/product\/2534"}],"collection":[{"href":"https:\/\/xsportscs.com.br\/index.php?rest_route=\/wp\/v2\/product"}],"about":[{"href":"https:\/\/xsportscs.com.br\/index.php?rest_route=\/wp\/v2\/types\/product"}],"replies":[{"embeddable":true,"href":"https:\/\/xsportscs.com.br\/index.php?rest_route=%2Fwp%2Fv2%2Fcomments&post=2534"}],"version-history":[{"count":1,"href":"https:\/\/xsportscs.com.br\/index.php?rest_route=\/wp\/v2\/product\/2534\/revisions"}],"predecessor-version":[{"id":2537,"href":"https:\/\/xsportscs.com.br\/index.php?rest_route=\/wp\/v2\/product\/2534\/revisions\/2537"}],"wp:featuredmedia":[{"embeddable":true,"href":"https:\/\/xsportscs.com.br\/index.php?rest_route=\/wp\/v2\/media\/2535"}],"wp:attachment":[{"href":"https:\/\/xsportscs.com.br\/index.php?rest_route=%2Fwp%2Fv2%2Fmedia&parent=2534"}],"wp:term":[{"taxonomy":"product_cat","embeddable":true,"href":"https:\/\/xsportscs.com.br\/index.php?rest_route=%2Fwp%2Fv2%2Fproduct_cat&post=2534"},{"taxonomy":"product_tag","embeddable":true,"href":"https:\/\/xsportscs.com.br\/index.php?rest_route=%2Fwp%2Fv2%2Fproduct_tag&post=2534"}],"curies":[{"name":"wp","href":"https:\/\/api.w.org\/{rel}","templated":true}]}}