{"id":2527,"date":"2021-04-14T16:39:15","date_gmt":"2021-04-14T19:39:15","guid":{"rendered":"http:\/\/xsportscs.com.br\/?post_type=product&#038;p=2527"},"modified":"2023-01-18T13:36:32","modified_gmt":"2023-01-18T16:36:32","slug":"shape-santa-cruz-old-school-screaming-hand","status":"publish","type":"product","link":"https:\/\/xsportscs.com.br\/?product=shape-santa-cruz-old-school-screaming-hand","title":{"rendered":"Shape Santa Cruz Old School Screaming Hand"},"content":{"rendered":"<p>Caracteristicas do Produto<br \/>\nShape Santa Cruz Old school Screaming Hand<br \/>\nO Shape Santa Cruz \u00e9 um produto diferenciado, feito com mat\u00e9ria prima selecionada. 8 l\u00e2minas de madeira selecionada e calibrada mais 1 l\u00e2mina de fibra que garante maior dureza e resist\u00eancia ao Shape, com Silk em HEAT TRANSFER, que desliza muito mais.<\/p>\n<p>Modelo Screaming Hand \u00e9 modelo fabricado no Brasil . Proporciona mais performance, leveza e um super POP.<\/p>\n<p>Os Shapes Santa Cruz s\u00e3o fabricados no Brasil pela Dropfamily sob licen\u00e7a e rigorosa supervis\u00e3o da Santa Cruz (E.U.A.). Possuem uma das constru\u00e7\u00f5es mais fortes dispon\u00edveis no mercado tendo sido aprovados nos mais reconhecidos testes de resist\u00eancia, pop e durabilidade.<\/p>\n<p>Feitos em Maple Canadense de alt\u00edssima qualidade mesclada com fibras resultando em um Shape de excelente qualidade.<\/p>\n<p>\u2013 Marca: Santa Cruz.<\/p>\n<p>\u2013 Modelo: Screaming Hand ( Maple Canadense )<\/p>\n<p>\u2013 Largura: 9.35<\/p>\n<p>\u2013 Comprimento: 31.7<\/p>\n<p>\u2013 Wheelbase: 15<\/p>\n","protected":false},"excerpt":{"rendered":"<p>O Shape Santa Cruz \u00e9 um produto diferenciado<\/p>\n","protected":false},"featured_media":2528,"comment_status":"open","ping_status":"closed","template":"","meta":{"ocean_post_layout":"","ocean_both_sidebars_style":"","ocean_both_sidebars_content_width":0,"ocean_both_sidebars_sidebars_width":0,"ocean_sidebar":"0","ocean_second_sidebar":"0","ocean_disable_margins":"enable","ocean_add_body_class":"","ocean_shortcode_before_top_bar":"","ocean_shortcode_after_top_bar":"","ocean_shortcode_before_header":"","ocean_shortcode_after_header":"","ocean_has_shortcode":"","ocean_shortcode_after_title":"","ocean_shortcode_before_footer_widgets":"","ocean_shortcode_after_footer_widgets":"","ocean_shortcode_before_footer_bottom":"","ocean_shortcode_after_footer_bottom":"","ocean_display_top_bar":"default","ocean_display_header":"default","ocean_header_style":"","ocean_center_header_left_menu":"0","ocean_custom_header_template":"0","ocean_custom_logo":0,"ocean_custom_retina_logo":0,"ocean_custom_logo_max_width":0,"ocean_custom_logo_tablet_max_width":0,"ocean_custom_logo_mobile_max_width":0,"ocean_custom_logo_max_height":0,"ocean_custom_logo_tablet_max_height":0,"ocean_custom_logo_mobile_max_height":0,"ocean_header_custom_menu":"0","ocean_menu_typo_font_family":"0","ocean_menu_typo_font_subset":"","ocean_menu_typo_font_size":0,"ocean_menu_typo_font_size_tablet":0,"ocean_menu_typo_font_size_mobile":0,"ocean_menu_typo_font_size_unit":"px","ocean_menu_typo_font_weight":"","ocean_menu_typo_font_weight_tablet":"","ocean_menu_typo_font_weight_mobile":"","ocean_menu_typo_transform":"","ocean_menu_typo_transform_tablet":"","ocean_menu_typo_transform_mobile":"","ocean_menu_typo_line_height":0,"ocean_menu_typo_line_height_tablet":0,"ocean_menu_typo_line_height_mobile":0,"ocean_menu_typo_line_height_unit":"","ocean_menu_typo_spacing":0,"ocean_menu_typo_spacing_tablet":0,"ocean_menu_typo_spacing_mobile":0,"ocean_menu_typo_spacing_unit":"","ocean_menu_link_color":"","ocean_menu_link_color_hover":"","ocean_menu_link_color_active":"","ocean_menu_link_background":"","ocean_menu_link_hover_background":"","ocean_menu_link_active_background":"","ocean_menu_social_links_bg":"","ocean_menu_social_hover_links_bg":"","ocean_menu_social_links_color":"","ocean_menu_social_hover_links_color":"","ocean_disable_title":"default","ocean_disable_heading":"default","ocean_post_title":"","ocean_post_subheading":"","ocean_post_title_style":"","ocean_post_title_background_color":"","ocean_post_title_background":0,"ocean_post_title_bg_image_position":"","ocean_post_title_bg_image_attachment":"","ocean_post_title_bg_image_repeat":"","ocean_post_title_bg_image_size":"","ocean_post_title_height":0,"ocean_post_title_bg_overlay":0.5,"ocean_post_title_bg_overlay_color":"","ocean_disable_breadcrumbs":"default","ocean_breadcrumbs_color":"","ocean_breadcrumbs_separator_color":"","ocean_breadcrumbs_links_color":"","ocean_breadcrumbs_links_hover_color":"","ocean_display_footer_widgets":"default","ocean_display_footer_bottom":"default","ocean_custom_footer_template":"0"},"product_cat":[43,48,42],"product_tag":[145,196],"_links":{"self":[{"href":"https:\/\/xsportscs.com.br\/index.php?rest_route=\/wp\/v2\/product\/2527"}],"collection":[{"href":"https:\/\/xsportscs.com.br\/index.php?rest_route=\/wp\/v2\/product"}],"about":[{"href":"https:\/\/xsportscs.com.br\/index.php?rest_route=\/wp\/v2\/types\/product"}],"replies":[{"embeddable":true,"href":"https:\/\/xsportscs.com.br\/index.php?rest_route=%2Fwp%2Fv2%2Fcomments&post=2527"}],"version-history":[{"count":3,"href":"https:\/\/xsportscs.com.br\/index.php?rest_route=\/wp\/v2\/product\/2527\/revisions"}],"predecessor-version":[{"id":2533,"href":"https:\/\/xsportscs.com.br\/index.php?rest_route=\/wp\/v2\/product\/2527\/revisions\/2533"}],"wp:featuredmedia":[{"embeddable":true,"href":"https:\/\/xsportscs.com.br\/index.php?rest_route=\/wp\/v2\/media\/2528"}],"wp:attachment":[{"href":"https:\/\/xsportscs.com.br\/index.php?rest_route=%2Fwp%2Fv2%2Fmedia&parent=2527"}],"wp:term":[{"taxonomy":"product_cat","embeddable":true,"href":"https:\/\/xsportscs.com.br\/index.php?rest_route=%2Fwp%2Fv2%2Fproduct_cat&post=2527"},{"taxonomy":"product_tag","embeddable":true,"href":"https:\/\/xsportscs.com.br\/index.php?rest_route=%2Fwp%2Fv2%2Fproduct_tag&post=2527"}],"curies":[{"name":"wp","href":"https:\/\/api.w.org\/{rel}","templated":true}]}}