{"id":2309,"date":"2021-04-10T14:44:54","date_gmt":"2021-04-10T14:44:54","guid":{"rendered":"http:\/\/xsportscs.com.br\/?post_type=product&#038;p=2309"},"modified":"2021-12-07T13:33:55","modified_gmt":"2021-12-07T16:33:55","slug":"truck-stronger-149mm-silver-black","status":"publish","type":"product","link":"https:\/\/xsportscs.com.br\/?product=truck-stronger-149mm-silver-black","title":{"rendered":"TRUCK STRONGER 149MM SILVER BLACK"},"content":{"rendered":"<div class=\"description-title\">DESCRI\u00c7\u00c3O DO PRODUTO<\/div>\n<div id=\"descricao\" class=\"tab-pane active\">\n<p><strong>Truck Stronger Profissional 149mm Silver Black<\/strong><br \/>\nTruck Stronger foi desenhado e concebido ap\u00f3s uma profunda pesquisa do que h\u00e1 de melhor no mercado, ou seja, ele foi pensado nos m\u00ednimos detalhes para que voc\u00ea andar de skate e marretar sem medo.<br \/>\nOs trucks Stronger s\u00e3o fabricados com alum\u00ednio de alta resist\u00eancia, seu\u00a0<strong>parafuso central \u00e9 vazado<\/strong>\u00a0e isso deixa os trucks mais leves, sua trava possui ranhuras o chamado sistema anti jogo, assim o\u00a0<strong>prisioneiro n\u00e3o corre<\/strong>\u00a0e as rodas n\u00e3o travam.<\/p>\n<p>Foi desenvolvido para quem precisa de um truck de qualidade com um pre\u00e7o acess\u00edvel. Seu formato facilita o encaixe das manobras nas traves e corrim\u00e3os.\u00a0Testado e aprovado por atletas e praticantes de alta performance. Ele possui o\u00a0<strong>parafuso central vazado<\/strong>, deixando o truck mais leve, facilitando a execu\u00e7\u00e3o das manobras. O amortecedor do truck \u00e9 de formato c\u00f4nico, aumentando a angula\u00e7\u00e3o do skate na curva.<\/p>\n<p><strong>Dados T\u00e9cnicos:\u00a0<\/strong><br \/>\n&#8211; Tamanho 149mm;<br \/>\n&#8211;\u00a0Pintura Eletrost\u00e1tica;<br \/>\n&#8211;\u00a0<strong>Cor: Prata com base Preta;<\/strong><br \/>\n&#8211; Porca de a\u00e7o 3\/8 auto travante;<br \/>\n&#8211; Arruelas superiores especiais;<br \/>\n&#8211; Amortecedores de uretano;<br \/>\n&#8211; Trave em Alum\u00ednio de primeira qualidade;<br \/>\n&#8211; Eixo de A\u00e7o especial com tratamento t\u00e9rmico;<br \/>\n&#8211; Pivot Cup de uretano.<br \/>\n&#8211;\u00a0Parafuso central hollow\u00a0vazado para maior leveza;<br \/>\n&#8211; Arruelas de cal\u00e7o em a\u00e7o Porca de a\u00e7o 5\/16 auto travante;<br \/>\n&#8211;\u00a0Parafuso central vazado;<\/p>\n<\/div>\n","protected":false},"excerpt":{"rendered":"<p>Foi desenvolvido para quem precisa de um truck de qualidade com um pre\u00e7o acess\u00edvel.<\/p>\n","protected":false},"featured_media":2310,"comment_status":"open","ping_status":"closed","template":"","meta":{"ocean_post_layout":"","ocean_both_sidebars_style":"","ocean_both_sidebars_content_width":0,"ocean_both_sidebars_sidebars_width":0,"ocean_sidebar":"0","ocean_second_sidebar":"0","ocean_disable_margins":"enable","ocean_add_body_class":"","ocean_shortcode_before_top_bar":"","ocean_shortcode_after_top_bar":"","ocean_shortcode_before_header":"","ocean_shortcode_after_header":"","ocean_has_shortcode":"","ocean_shortcode_after_title":"","ocean_shortcode_before_footer_widgets":"","ocean_shortcode_after_footer_widgets":"","ocean_shortcode_before_footer_bottom":"","ocean_shortcode_after_footer_bottom":"","ocean_display_top_bar":"default","ocean_display_header":"default","ocean_header_style":"","ocean_center_header_left_menu":"0","ocean_custom_header_template":"0","ocean_custom_logo":0,"ocean_custom_retina_logo":0,"ocean_custom_logo_max_width":0,"ocean_custom_logo_tablet_max_width":0,"ocean_custom_logo_mobile_max_width":0,"ocean_custom_logo_max_height":0,"ocean_custom_logo_tablet_max_height":0,"ocean_custom_logo_mobile_max_height":0,"ocean_header_custom_menu":"0","ocean_menu_typo_font_family":"0","ocean_menu_typo_font_subset":"","ocean_menu_typo_font_size":0,"ocean_menu_typo_font_size_tablet":0,"ocean_menu_typo_font_size_mobile":0,"ocean_menu_typo_font_size_unit":"px","ocean_menu_typo_font_weight":"","ocean_menu_typo_font_weight_tablet":"","ocean_menu_typo_font_weight_mobile":"","ocean_menu_typo_transform":"","ocean_menu_typo_transform_tablet":"","ocean_menu_typo_transform_mobile":"","ocean_menu_typo_line_height":0,"ocean_menu_typo_line_height_tablet":0,"ocean_menu_typo_line_height_mobile":0,"ocean_menu_typo_line_height_unit":"","ocean_menu_typo_spacing":0,"ocean_menu_typo_spacing_tablet":0,"ocean_menu_typo_spacing_mobile":0,"ocean_menu_typo_spacing_unit":"","ocean_menu_link_color":"","ocean_menu_link_color_hover":"","ocean_menu_link_color_active":"","ocean_menu_link_background":"","ocean_menu_link_hover_background":"","ocean_menu_link_active_background":"","ocean_menu_social_links_bg":"","ocean_menu_social_hover_links_bg":"","ocean_menu_social_links_color":"","ocean_menu_social_hover_links_color":"","ocean_disable_title":"default","ocean_disable_heading":"default","ocean_post_title":"","ocean_post_subheading":"","ocean_post_title_style":"","ocean_post_title_background_color":"","ocean_post_title_background":0,"ocean_post_title_bg_image_position":"","ocean_post_title_bg_image_attachment":"","ocean_post_title_bg_image_repeat":"","ocean_post_title_bg_image_size":"","ocean_post_title_height":0,"ocean_post_title_bg_overlay":0.5,"ocean_post_title_bg_overlay_color":"","ocean_disable_breadcrumbs":"default","ocean_breadcrumbs_color":"","ocean_breadcrumbs_separator_color":"","ocean_breadcrumbs_links_color":"","ocean_breadcrumbs_links_hover_color":"","ocean_display_footer_widgets":"default","ocean_display_footer_bottom":"default","ocean_custom_footer_template":"0"},"product_cat":[42,31,39],"product_tag":[156,157,155,148,153],"_links":{"self":[{"href":"https:\/\/xsportscs.com.br\/index.php?rest_route=\/wp\/v2\/product\/2309"}],"collection":[{"href":"https:\/\/xsportscs.com.br\/index.php?rest_route=\/wp\/v2\/product"}],"about":[{"href":"https:\/\/xsportscs.com.br\/index.php?rest_route=\/wp\/v2\/types\/product"}],"replies":[{"embeddable":true,"href":"https:\/\/xsportscs.com.br\/index.php?rest_route=%2Fwp%2Fv2%2Fcomments&post=2309"}],"version-history":[{"count":1,"href":"https:\/\/xsportscs.com.br\/index.php?rest_route=\/wp\/v2\/product\/2309\/revisions"}],"predecessor-version":[{"id":2312,"href":"https:\/\/xsportscs.com.br\/index.php?rest_route=\/wp\/v2\/product\/2309\/revisions\/2312"}],"wp:featuredmedia":[{"embeddable":true,"href":"https:\/\/xsportscs.com.br\/index.php?rest_route=\/wp\/v2\/media\/2310"}],"wp:attachment":[{"href":"https:\/\/xsportscs.com.br\/index.php?rest_route=%2Fwp%2Fv2%2Fmedia&parent=2309"}],"wp:term":[{"taxonomy":"product_cat","embeddable":true,"href":"https:\/\/xsportscs.com.br\/index.php?rest_route=%2Fwp%2Fv2%2Fproduct_cat&post=2309"},{"taxonomy":"product_tag","embeddable":true,"href":"https:\/\/xsportscs.com.br\/index.php?rest_route=%2Fwp%2Fv2%2Fproduct_tag&post=2309"}],"curies":[{"name":"wp","href":"https:\/\/api.w.org\/{rel}","templated":true}]}}