{"id":2173,"date":"2021-04-09T14:42:34","date_gmt":"2021-04-09T17:42:34","guid":{"rendered":"http:\/\/xsportscs.com.br\/?post_type=product&#038;p=2173"},"modified":"2022-06-20T09:39:31","modified_gmt":"2022-06-20T12:39:31","slug":"roda-moska-calibre-60mm-53d","status":"publish","type":"product","link":"https:\/\/xsportscs.com.br\/?product=roda-moska-calibre-60mm-53d","title":{"rendered":"RODA MOSKA CALIBRE  60MM 53D"},"content":{"rendered":"<p><strong>Roda Moska Calibre<\/strong>\u00a0\u00e9 um nome dado por causa da estampa ser camuflada. Ela foi desenvolvida para\u00a0<strong>Bowl<\/strong>\u00a0e\u00a0<strong>Banks<\/strong>, pelo fato de ser uma roda seca, \u00e9 indicada para aqueles que gostam de dar Slides em ladeiras.<\/p>\n<p><strong>Dados T\u00e9cnicos:<\/strong><\/p>\n<ul>\n<li>Cor da Roda Branca com estampa camuflada;<\/li>\n<li>Dureza 53D (Equivalente 103A);<\/li>\n<li>Material da Roda Poliuretano;<\/li>\n<li>Largura 60mm;<\/li>\n<li>\u00c1rea de contato 34mm;<\/li>\n<li>Origem da Marca Nacional;<\/li>\n<li>Origem de Fabrica\u00e7\u00e3o Nacional;<\/li>\n<li>O jogo vem 4 unidades.<\/li>\n<\/ul>\n<p><strong>Sobre a marca Moska<\/strong><\/p>\n<p>A MOSKA fabrica rodas de skate desde 1988.<\/p>\n<p>Nossa experi\u00eancia na fabrica\u00e7\u00e3o de elast\u00f4meros de poliuretano de alto desempenho aliada aos melhores skatistas do Brasil, testando e ajudando no desenvolvimento, fizeram com que a MOSKA sempre estivesse entre as melhores rodas do mundo, desde o in\u00edcio, utilizamos as mesmas mat\u00e9rias primas que se utilizam nas rodas dos EUA.<\/p>\n<p>A MOSKA desenvolveu sua pr\u00f3pria tecnologia e investiu pesado em equipamentos:<\/p>\n<p>M\u00e1quina de grava\u00e7\u00e3o de desenhos em 04 cores, utilizando tintas importadas de alto-brilho; Moldes especiais para as v\u00e1rias medidas de rodas; Reatores especiais para a fabrica\u00e7\u00e3o dos prepol\u00edmeros; M\u00e1quina de fundi\u00e7\u00e3o autom\u00e1tica, o que melhora muit\u00edssimo a qualidade das rodas, e coloca a MOSKA no mesmo n\u00edvel tecnol\u00f3gico das melhores rodas do Mundo.<\/p>\n<p>O desenvolvimento de novas f\u00f3rmulas e modelos \u00e9 constante na MOSKA. Buscamos novas alternativas, tend\u00eancias e op\u00e7\u00f5es para oferecer aos nossos consumidores a melhor experi\u00eancia no skateboard, seja atrav\u00e9s da divers\u00e3o, de um passeio seguro com alto desempenho ou para a performance dos mais exigentes skatistas profissionais.<\/p>\n<p>A Moska ajudou na forma\u00e7\u00e3o de muitos skatistas, mant\u00e9m sua equipe formada por v\u00e1rias modalidades e est\u00e1 sempre presente no apoio a eventos e campeonatos.<\/p>\n","protected":false},"excerpt":{"rendered":"<p><strong>Roda Moska Calibre<\/strong>\u00a0\u00e9 um nome dado por causa da estampa ser camuflada. Ela foi desenvolvida para\u00a0<strong>Bowl<\/strong>\u00a0e\u00a0<strong>Banks<\/strong>, pelo fato de ser uma roda seca, \u00e9 indicada para aqueles que gostam de dar Slides em ladeiras.<\/p>\n","protected":false},"featured_media":2174,"comment_status":"open","ping_status":"closed","template":"","meta":{"ocean_post_layout":"","ocean_both_sidebars_style":"","ocean_both_sidebars_content_width":0,"ocean_both_sidebars_sidebars_width":0,"ocean_sidebar":"","ocean_second_sidebar":"","ocean_disable_margins":"enable","ocean_add_body_class":"","ocean_shortcode_before_top_bar":"","ocean_shortcode_after_top_bar":"","ocean_shortcode_before_header":"","ocean_shortcode_after_header":"","ocean_has_shortcode":"","ocean_shortcode_after_title":"","ocean_shortcode_before_footer_widgets":"","ocean_shortcode_after_footer_widgets":"","ocean_shortcode_before_footer_bottom":"","ocean_shortcode_after_footer_bottom":"","ocean_display_top_bar":"default","ocean_display_header":"default","ocean_header_style":"","ocean_center_header_left_menu":"","ocean_custom_header_template":"","ocean_custom_logo":0,"ocean_custom_retina_logo":0,"ocean_custom_logo_max_width":0,"ocean_custom_logo_tablet_max_width":0,"ocean_custom_logo_mobile_max_width":0,"ocean_custom_logo_max_height":0,"ocean_custom_logo_tablet_max_height":0,"ocean_custom_logo_mobile_max_height":0,"ocean_header_custom_menu":"","ocean_menu_typo_font_family":"","ocean_menu_typo_font_subset":"","ocean_menu_typo_font_size":0,"ocean_menu_typo_font_size_tablet":0,"ocean_menu_typo_font_size_mobile":0,"ocean_menu_typo_font_size_unit":"px","ocean_menu_typo_font_weight":"","ocean_menu_typo_font_weight_tablet":"","ocean_menu_typo_font_weight_mobile":"","ocean_menu_typo_transform":"","ocean_menu_typo_transform_tablet":"","ocean_menu_typo_transform_mobile":"","ocean_menu_typo_line_height":0,"ocean_menu_typo_line_height_tablet":0,"ocean_menu_typo_line_height_mobile":0,"ocean_menu_typo_line_height_unit":"","ocean_menu_typo_spacing":0,"ocean_menu_typo_spacing_tablet":0,"ocean_menu_typo_spacing_mobile":0,"ocean_menu_typo_spacing_unit":"","ocean_menu_link_color":"","ocean_menu_link_color_hover":"","ocean_menu_link_color_active":"","ocean_menu_link_background":"","ocean_menu_link_hover_background":"","ocean_menu_link_active_background":"","ocean_menu_social_links_bg":"","ocean_menu_social_hover_links_bg":"","ocean_menu_social_links_color":"","ocean_menu_social_hover_links_color":"","ocean_disable_title":"default","ocean_disable_heading":"default","ocean_post_title":"","ocean_post_subheading":"","ocean_post_title_style":"","ocean_post_title_background_color":"","ocean_post_title_background":0,"ocean_post_title_bg_image_position":"","ocean_post_title_bg_image_attachment":"","ocean_post_title_bg_image_repeat":"","ocean_post_title_bg_image_size":"","ocean_post_title_height":0,"ocean_post_title_bg_overlay":0.5,"ocean_post_title_bg_overlay_color":"","ocean_disable_breadcrumbs":"default","ocean_breadcrumbs_color":"","ocean_breadcrumbs_separator_color":"","ocean_breadcrumbs_links_color":"","ocean_breadcrumbs_links_hover_color":"","ocean_display_footer_widgets":"default","ocean_display_footer_bottom":"default","ocean_custom_footer_template":""},"product_cat":[35,37,42,31],"product_tag":[149,146,145],"_links":{"self":[{"href":"https:\/\/xsportscs.com.br\/index.php?rest_route=\/wp\/v2\/product\/2173"}],"collection":[{"href":"https:\/\/xsportscs.com.br\/index.php?rest_route=\/wp\/v2\/product"}],"about":[{"href":"https:\/\/xsportscs.com.br\/index.php?rest_route=\/wp\/v2\/types\/product"}],"replies":[{"embeddable":true,"href":"https:\/\/xsportscs.com.br\/index.php?rest_route=%2Fwp%2Fv2%2Fcomments&post=2173"}],"version-history":[{"count":1,"href":"https:\/\/xsportscs.com.br\/index.php?rest_route=\/wp\/v2\/product\/2173\/revisions"}],"predecessor-version":[{"id":2177,"href":"https:\/\/xsportscs.com.br\/index.php?rest_route=\/wp\/v2\/product\/2173\/revisions\/2177"}],"wp:featuredmedia":[{"embeddable":true,"href":"https:\/\/xsportscs.com.br\/index.php?rest_route=\/wp\/v2\/media\/2174"}],"wp:attachment":[{"href":"https:\/\/xsportscs.com.br\/index.php?rest_route=%2Fwp%2Fv2%2Fmedia&parent=2173"}],"wp:term":[{"taxonomy":"product_cat","embeddable":true,"href":"https:\/\/xsportscs.com.br\/index.php?rest_route=%2Fwp%2Fv2%2Fproduct_cat&post=2173"},{"taxonomy":"product_tag","embeddable":true,"href":"https:\/\/xsportscs.com.br\/index.php?rest_route=%2Fwp%2Fv2%2Fproduct_tag&post=2173"}],"curies":[{"name":"wp","href":"https:\/\/api.w.org\/{rel}","templated":true}]}}