{"id":2088,"date":"2021-04-08T16:59:58","date_gmt":"2021-04-08T19:59:58","guid":{"rendered":"http:\/\/xsportscs.com.br\/?post_type=product&#038;p=2088"},"modified":"2022-06-20T09:38:31","modified_gmt":"2022-06-20T12:38:31","slug":"roda-moska-51mm-rock-green-53d","status":"publish","type":"product","link":"https:\/\/xsportscs.com.br\/?product=roda-moska-51mm-rock-green-53d","title":{"rendered":"Roda Moska 51mm Rock Green 53D"},"content":{"rendered":"<h2>DESCRI\u00c7\u00c3O RODA MOSKA:<\/h2>\n<p>Roda em Uretano \u2013 Alta resili\u00eancia<\/p>\n<p>Dureza: 53 D equivalente a 103 A<\/p>\n<p>Di\u00e2metro: 51 mm<\/p>\n<p>Banda de Rolagem Inicial: 17 mm<\/p>\n<p>Largura da Roda: 30 mm<\/p>\n<p>Borda arredondada sem miolo<\/p>\n<p>&nbsp;<\/p>\n<p>Um pouco sobre a Hist\u00f3ria da Moska:<\/p>\n<p>A Moska f\u00e1brica rodas de skate desde 1988.<\/p>\n<p>A experi\u00eancia na fabrica\u00e7\u00e3o de elast\u00f4meros de poliuretano de alto desempenho aliada aos melhores skatistas do Brasil, testando e ajudando no desenvolvimento, fizeram com que a Moska sempre estivesse entre as melhores rodas do mundo, desde o in\u00edcio, utilizando as mesmas mat\u00e9rias primas que utilizam as rodas EUA<\/p>\n<p>A Moska desenvolveu sua pr\u00f3pria tecnologia e investiu pesado em equipamentos:<\/p>\n<p>&nbsp;<\/p>\n<p>M\u00e1quina de grava\u00e7\u00e3o de desenhos em 4 cores, utilizando tintas importadas de alto brilho. Moldes especiais para as v\u00e1rias medidas de rodas. Reatores especiais para a fabrica\u00e7\u00e3o dos pre-pol\u00edmeros. M\u00e1quina de fundi\u00e7\u00e3o autom\u00e1tica, o que melhora muito<\/p>\n","protected":false},"excerpt":{"rendered":"<p>A Roda Moska Rock 51mm\u00a0 permite um encaixe perfeito, proporcionando total seguran\u00e7a e estabilidade ao skatista. Ela \u00e9 \u00f3tima para melhorar a velocidade na pista, devido ao rolamento preciso no solo. Fabricada com material de alta qualidade.<\/p>\n","protected":false},"featured_media":2089,"comment_status":"open","ping_status":"closed","template":"","meta":{"ocean_post_layout":"","ocean_both_sidebars_style":"","ocean_both_sidebars_content_width":0,"ocean_both_sidebars_sidebars_width":0,"ocean_sidebar":"","ocean_second_sidebar":"","ocean_disable_margins":"enable","ocean_add_body_class":"","ocean_shortcode_before_top_bar":"","ocean_shortcode_after_top_bar":"","ocean_shortcode_before_header":"","ocean_shortcode_after_header":"","ocean_has_shortcode":"","ocean_shortcode_after_title":"","ocean_shortcode_before_footer_widgets":"","ocean_shortcode_after_footer_widgets":"","ocean_shortcode_before_footer_bottom":"","ocean_shortcode_after_footer_bottom":"","ocean_display_top_bar":"default","ocean_display_header":"default","ocean_header_style":"","ocean_center_header_left_menu":"","ocean_custom_header_template":"","ocean_custom_logo":0,"ocean_custom_retina_logo":0,"ocean_custom_logo_max_width":0,"ocean_custom_logo_tablet_max_width":0,"ocean_custom_logo_mobile_max_width":0,"ocean_custom_logo_max_height":0,"ocean_custom_logo_tablet_max_height":0,"ocean_custom_logo_mobile_max_height":0,"ocean_header_custom_menu":"","ocean_menu_typo_font_family":"","ocean_menu_typo_font_subset":"","ocean_menu_typo_font_size":0,"ocean_menu_typo_font_size_tablet":0,"ocean_menu_typo_font_size_mobile":0,"ocean_menu_typo_font_size_unit":"px","ocean_menu_typo_font_weight":"","ocean_menu_typo_font_weight_tablet":"","ocean_menu_typo_font_weight_mobile":"","ocean_menu_typo_transform":"","ocean_menu_typo_transform_tablet":"","ocean_menu_typo_transform_mobile":"","ocean_menu_typo_line_height":0,"ocean_menu_typo_line_height_tablet":0,"ocean_menu_typo_line_height_mobile":0,"ocean_menu_typo_line_height_unit":"","ocean_menu_typo_spacing":0,"ocean_menu_typo_spacing_tablet":0,"ocean_menu_typo_spacing_mobile":0,"ocean_menu_typo_spacing_unit":"","ocean_menu_link_color":"","ocean_menu_link_color_hover":"","ocean_menu_link_color_active":"","ocean_menu_link_background":"","ocean_menu_link_hover_background":"","ocean_menu_link_active_background":"","ocean_menu_social_links_bg":"","ocean_menu_social_hover_links_bg":"","ocean_menu_social_links_color":"","ocean_menu_social_hover_links_color":"","ocean_disable_title":"default","ocean_disable_heading":"default","ocean_post_title":"","ocean_post_subheading":"","ocean_post_title_style":"","ocean_post_title_background_color":"","ocean_post_title_background":0,"ocean_post_title_bg_image_position":"","ocean_post_title_bg_image_attachment":"","ocean_post_title_bg_image_repeat":"","ocean_post_title_bg_image_size":"","ocean_post_title_height":0,"ocean_post_title_bg_overlay":0.5,"ocean_post_title_bg_overlay_color":"","ocean_disable_breadcrumbs":"default","ocean_breadcrumbs_color":"","ocean_breadcrumbs_separator_color":"","ocean_breadcrumbs_links_color":"","ocean_breadcrumbs_links_hover_color":"","ocean_display_footer_widgets":"default","ocean_display_footer_bottom":"default","ocean_custom_footer_template":""},"product_cat":[35,37,42,31],"product_tag":[146,145,141],"_links":{"self":[{"href":"https:\/\/xsportscs.com.br\/index.php?rest_route=\/wp\/v2\/product\/2088"}],"collection":[{"href":"https:\/\/xsportscs.com.br\/index.php?rest_route=\/wp\/v2\/product"}],"about":[{"href":"https:\/\/xsportscs.com.br\/index.php?rest_route=\/wp\/v2\/types\/product"}],"replies":[{"embeddable":true,"href":"https:\/\/xsportscs.com.br\/index.php?rest_route=%2Fwp%2Fv2%2Fcomments&post=2088"}],"version-history":[{"count":1,"href":"https:\/\/xsportscs.com.br\/index.php?rest_route=\/wp\/v2\/product\/2088\/revisions"}],"predecessor-version":[{"id":2091,"href":"https:\/\/xsportscs.com.br\/index.php?rest_route=\/wp\/v2\/product\/2088\/revisions\/2091"}],"wp:featuredmedia":[{"embeddable":true,"href":"https:\/\/xsportscs.com.br\/index.php?rest_route=\/wp\/v2\/media\/2089"}],"wp:attachment":[{"href":"https:\/\/xsportscs.com.br\/index.php?rest_route=%2Fwp%2Fv2%2Fmedia&parent=2088"}],"wp:term":[{"taxonomy":"product_cat","embeddable":true,"href":"https:\/\/xsportscs.com.br\/index.php?rest_route=%2Fwp%2Fv2%2Fproduct_cat&post=2088"},{"taxonomy":"product_tag","embeddable":true,"href":"https:\/\/xsportscs.com.br\/index.php?rest_route=%2Fwp%2Fv2%2Fproduct_tag&post=2088"}],"curies":[{"name":"wp","href":"https:\/\/api.w.org\/{rel}","templated":true}]}}