{"id":2050,"date":"2021-04-08T15:21:09","date_gmt":"2021-04-08T15:21:09","guid":{"rendered":"http:\/\/xsportscs.com.br\/?post_type=product&#038;p=2050"},"modified":"2021-12-07T12:50:15","modified_gmt":"2021-12-07T15:50:15","slug":"rolamento-everlong-standard","status":"publish","type":"product","link":"https:\/\/xsportscs.com.br\/?product=rolamento-everlong-standard","title":{"rendered":"Rolamento Everlong Standard"},"content":{"rendered":"<p>A marca\u00a0Everlong\u00a0foi desenvolvida para atender um segmento do mercado de skate que sofria com a falta de um produto de qualidade, durabilidade e design, ent\u00e3o formulou um rolamento que consegue agregar todos esses valores para satisfazer todo o publico do skate e em geral,assim, depois de meses de desenvolvimento, e com a participa\u00e7\u00e3o de atletas profissionais que testaram o mesmo, foi obtido um rolamento competitivo para o mercado nacional e internacional, atendendo a exig\u00eancia dos skatistas &#8211; \u00a0veloz, \u00a0dur\u00e1vel e com pre\u00e7o acess\u00edvel.<\/p>\n<p>ESPECIFICA\u00c7\u00d5ES:<\/p>\n<ul>\n<li>Marca: Everlong;<\/li>\n<li>Classifica\u00e7\u00e3o: Skate Rated;<\/li>\n<li>Quantidade na Embalagem: 8 Rolamentos;<\/li>\n<li>Peso: 11g (cada rolamento);<\/li>\n<li>Esferas de a\u00e7o inoxid\u00e1vel, tratadas termicamente para manter sua for\u00e7a, dureza e forma sim\u00e9trica, proporcionando menos atrito e mais velocidade;<\/li>\n<li>Coroas retentoras das esferas com bloqueadores de poeira e areia.<\/li>\n<li>Para todas as modalidades;<\/li>\n<li>Produto Lubrificado para melhor conserva\u00e7\u00e3o;<\/li>\n<li>Possui superf\u00edcie polida, para garantir maior durabilidade;<\/li>\n<li>Escudo remov\u00edvel para limpeza e lubrifica\u00e7\u00e3o;<\/li>\n<li>Acompanha Espa\u00e7adores: N\u00e3o;<\/li>\n<li>Produto importado, 100% novo e original.<\/li>\n<\/ul>\n","protected":false},"excerpt":{"rendered":"<p>Para voc\u00ea que anda de skate sabe a importancia de ter pe\u00e7as que te promovam seguran\u00e7a na hora dos seus rol\u00eas de skate.<\/p>\n","protected":false},"featured_media":2051,"comment_status":"open","ping_status":"closed","template":"","meta":{"ocean_post_layout":"","ocean_both_sidebars_style":"","ocean_both_sidebars_content_width":0,"ocean_both_sidebars_sidebars_width":0,"ocean_sidebar":"0","ocean_second_sidebar":"0","ocean_disable_margins":"enable","ocean_add_body_class":"","ocean_shortcode_before_top_bar":"","ocean_shortcode_after_top_bar":"","ocean_shortcode_before_header":"","ocean_shortcode_after_header":"","ocean_has_shortcode":"","ocean_shortcode_after_title":"","ocean_shortcode_before_footer_widgets":"","ocean_shortcode_after_footer_widgets":"","ocean_shortcode_before_footer_bottom":"","ocean_shortcode_after_footer_bottom":"","ocean_display_top_bar":"default","ocean_display_header":"default","ocean_header_style":"","ocean_center_header_left_menu":"0","ocean_custom_header_template":"0","ocean_custom_logo":0,"ocean_custom_retina_logo":0,"ocean_custom_logo_max_width":0,"ocean_custom_logo_tablet_max_width":0,"ocean_custom_logo_mobile_max_width":0,"ocean_custom_logo_max_height":0,"ocean_custom_logo_tablet_max_height":0,"ocean_custom_logo_mobile_max_height":0,"ocean_header_custom_menu":"0","ocean_menu_typo_font_family":"0","ocean_menu_typo_font_subset":"","ocean_menu_typo_font_size":0,"ocean_menu_typo_font_size_tablet":0,"ocean_menu_typo_font_size_mobile":0,"ocean_menu_typo_font_size_unit":"px","ocean_menu_typo_font_weight":"","ocean_menu_typo_font_weight_tablet":"","ocean_menu_typo_font_weight_mobile":"","ocean_menu_typo_transform":"","ocean_menu_typo_transform_tablet":"","ocean_menu_typo_transform_mobile":"","ocean_menu_typo_line_height":0,"ocean_menu_typo_line_height_tablet":0,"ocean_menu_typo_line_height_mobile":0,"ocean_menu_typo_line_height_unit":"","ocean_menu_typo_spacing":0,"ocean_menu_typo_spacing_tablet":0,"ocean_menu_typo_spacing_mobile":0,"ocean_menu_typo_spacing_unit":"","ocean_menu_link_color":"","ocean_menu_link_color_hover":"","ocean_menu_link_color_active":"","ocean_menu_link_background":"","ocean_menu_link_hover_background":"","ocean_menu_link_active_background":"","ocean_menu_social_links_bg":"","ocean_menu_social_hover_links_bg":"","ocean_menu_social_links_color":"","ocean_menu_social_hover_links_color":"","ocean_disable_title":"default","ocean_disable_heading":"default","ocean_post_title":"","ocean_post_subheading":"","ocean_post_title_style":"","ocean_post_title_background_color":"","ocean_post_title_background":0,"ocean_post_title_bg_image_position":"","ocean_post_title_bg_image_attachment":"","ocean_post_title_bg_image_repeat":"","ocean_post_title_bg_image_size":"","ocean_post_title_height":0,"ocean_post_title_bg_overlay":0.5,"ocean_post_title_bg_overlay_color":"","ocean_disable_breadcrumbs":"default","ocean_breadcrumbs_color":"","ocean_breadcrumbs_separator_color":"","ocean_breadcrumbs_links_color":"","ocean_breadcrumbs_links_hover_color":"","ocean_display_footer_widgets":"default","ocean_display_footer_bottom":"default","ocean_custom_footer_template":"0"},"product_cat":[43,40,47,42,31],"product_tag":[141],"_links":{"self":[{"href":"https:\/\/xsportscs.com.br\/index.php?rest_route=\/wp\/v2\/product\/2050"}],"collection":[{"href":"https:\/\/xsportscs.com.br\/index.php?rest_route=\/wp\/v2\/product"}],"about":[{"href":"https:\/\/xsportscs.com.br\/index.php?rest_route=\/wp\/v2\/types\/product"}],"replies":[{"embeddable":true,"href":"https:\/\/xsportscs.com.br\/index.php?rest_route=%2Fwp%2Fv2%2Fcomments&post=2050"}],"version-history":[{"count":1,"href":"https:\/\/xsportscs.com.br\/index.php?rest_route=\/wp\/v2\/product\/2050\/revisions"}],"predecessor-version":[{"id":2055,"href":"https:\/\/xsportscs.com.br\/index.php?rest_route=\/wp\/v2\/product\/2050\/revisions\/2055"}],"wp:featuredmedia":[{"embeddable":true,"href":"https:\/\/xsportscs.com.br\/index.php?rest_route=\/wp\/v2\/media\/2051"}],"wp:attachment":[{"href":"https:\/\/xsportscs.com.br\/index.php?rest_route=%2Fwp%2Fv2%2Fmedia&parent=2050"}],"wp:term":[{"taxonomy":"product_cat","embeddable":true,"href":"https:\/\/xsportscs.com.br\/index.php?rest_route=%2Fwp%2Fv2%2Fproduct_cat&post=2050"},{"taxonomy":"product_tag","embeddable":true,"href":"https:\/\/xsportscs.com.br\/index.php?rest_route=%2Fwp%2Fv2%2Fproduct_tag&post=2050"}],"curies":[{"name":"wp","href":"https:\/\/api.w.org\/{rel}","templated":true}]}}