{"id":2024,"date":"2021-04-08T14:04:23","date_gmt":"2021-04-08T14:04:23","guid":{"rendered":"http:\/\/xsportscs.com.br\/?post_type=product&#038;p=2024"},"modified":"2022-03-15T11:25:09","modified_gmt":"2022-03-15T14:25:09","slug":"rolamento-bones-swiss","status":"publish","type":"product","link":"https:\/\/xsportscs.com.br\/?product=rolamento-bones-swiss","title":{"rendered":"ROLAMENTO BONES SWISS (JOGO 8 P\u00c7S)"},"content":{"rendered":"<h2>Detalhes<\/h2>\n<div class=\"std\">\n<p>Rolamento Bones Swiss\u00a0s\u00e3o a combina\u00e7\u00e3o ideal do projeto Bones Skate Rated \u2122 e fabrica\u00e7\u00e3o de precis\u00e3o sui\u00e7a, criando o padr\u00e3o pelo qual todos os outros rolamentos s\u00e3o medidos.\u00a0Por mais de 36 anos, preferido pelos melhores skatistas do mundo.\u00a0Velocidade e durabilidade comprovada e profissional da concorr\u00eancia fazem com que a Bones Swiss\u00a0dure bem mais que os rolamentos comuns.\u00a0Feito na Su\u00ed\u00e7a.<\/p>\n<p><strong>Caracter\u00edsticas<\/strong><\/p>\n<ul>\n<li>Um escudo de borracha \u00fanico, remov\u00edvel e sem contato permite uma limpeza f\u00e1cil e baixa fric\u00e7\u00e3o.<\/li>\n<li>O retentor de bola de nylon de alta velocidade proporciona for\u00e7a e velocidade adicionais.<\/li>\n<li>Pre-lubrificado com lubrificante Speed \u200b\u200bCream Racing<\/li>\n<li>Skate Rated;\u00a0folgas, toler\u00e2ncias, materiais e lubrificantes proporcionam o melhor desempenho e durabilidade poss\u00edveis.<\/li>\n<\/ul>\n<\/div>\n","protected":false},"excerpt":{"rendered":"<p>Para voc\u00ea que anda de skate sabe a importancia de ter pe\u00e7as que te promovam seguran\u00e7a na hora dos seus rol\u00eas de skate.<br \/>\nOs rolamentos Bones Swiss\u00a0 s\u00e3o importados e s\u00e3o fabricados com alta resistencia, durabilidade, foram desenvolvidos para serem os melhores rolamentos do mercado da sua faixa de pre\u00e7o<\/p>\n","protected":false},"featured_media":2025,"comment_status":"open","ping_status":"closed","template":"","meta":{"ocean_post_layout":"","ocean_both_sidebars_style":"","ocean_both_sidebars_content_width":0,"ocean_both_sidebars_sidebars_width":0,"ocean_sidebar":"0","ocean_second_sidebar":"0","ocean_disable_margins":"enable","ocean_add_body_class":"","ocean_shortcode_before_top_bar":"","ocean_shortcode_after_top_bar":"","ocean_shortcode_before_header":"","ocean_shortcode_after_header":"","ocean_has_shortcode":"","ocean_shortcode_after_title":"","ocean_shortcode_before_footer_widgets":"","ocean_shortcode_after_footer_widgets":"","ocean_shortcode_before_footer_bottom":"","ocean_shortcode_after_footer_bottom":"","ocean_display_top_bar":"default","ocean_display_header":"default","ocean_header_style":"","ocean_center_header_left_menu":"0","ocean_custom_header_template":"0","ocean_custom_logo":0,"ocean_custom_retina_logo":0,"ocean_custom_logo_max_width":0,"ocean_custom_logo_tablet_max_width":0,"ocean_custom_logo_mobile_max_width":0,"ocean_custom_logo_max_height":0,"ocean_custom_logo_tablet_max_height":0,"ocean_custom_logo_mobile_max_height":0,"ocean_header_custom_menu":"0","ocean_menu_typo_font_family":"0","ocean_menu_typo_font_subset":"","ocean_menu_typo_font_size":0,"ocean_menu_typo_font_size_tablet":0,"ocean_menu_typo_font_size_mobile":0,"ocean_menu_typo_font_size_unit":"px","ocean_menu_typo_font_weight":"","ocean_menu_typo_font_weight_tablet":"","ocean_menu_typo_font_weight_mobile":"","ocean_menu_typo_transform":"","ocean_menu_typo_transform_tablet":"","ocean_menu_typo_transform_mobile":"","ocean_menu_typo_line_height":0,"ocean_menu_typo_line_height_tablet":0,"ocean_menu_typo_line_height_mobile":0,"ocean_menu_typo_line_height_unit":"","ocean_menu_typo_spacing":0,"ocean_menu_typo_spacing_tablet":0,"ocean_menu_typo_spacing_mobile":0,"ocean_menu_typo_spacing_unit":"","ocean_menu_link_color":"","ocean_menu_link_color_hover":"","ocean_menu_link_color_active":"","ocean_menu_link_background":"","ocean_menu_link_hover_background":"","ocean_menu_link_active_background":"","ocean_menu_social_links_bg":"","ocean_menu_social_hover_links_bg":"","ocean_menu_social_links_color":"","ocean_menu_social_hover_links_color":"","ocean_disable_title":"default","ocean_disable_heading":"default","ocean_post_title":"","ocean_post_subheading":"","ocean_post_title_style":"","ocean_post_title_background_color":"","ocean_post_title_background":0,"ocean_post_title_bg_image_position":"","ocean_post_title_bg_image_attachment":"","ocean_post_title_bg_image_repeat":"","ocean_post_title_bg_image_size":"","ocean_post_title_height":0,"ocean_post_title_bg_overlay":0.5,"ocean_post_title_bg_overlay_color":"","ocean_disable_breadcrumbs":"default","ocean_breadcrumbs_color":"","ocean_breadcrumbs_separator_color":"","ocean_breadcrumbs_links_color":"","ocean_breadcrumbs_links_hover_color":"","ocean_display_footer_widgets":"default","ocean_display_footer_bottom":"default","ocean_custom_footer_template":"0"},"product_cat":[43,40,47,42,31],"product_tag":[141],"_links":{"self":[{"href":"https:\/\/xsportscs.com.br\/index.php?rest_route=\/wp\/v2\/product\/2024"}],"collection":[{"href":"https:\/\/xsportscs.com.br\/index.php?rest_route=\/wp\/v2\/product"}],"about":[{"href":"https:\/\/xsportscs.com.br\/index.php?rest_route=\/wp\/v2\/types\/product"}],"replies":[{"embeddable":true,"href":"https:\/\/xsportscs.com.br\/index.php?rest_route=%2Fwp%2Fv2%2Fcomments&post=2024"}],"version-history":[{"count":2,"href":"https:\/\/xsportscs.com.br\/index.php?rest_route=\/wp\/v2\/product\/2024\/revisions"}],"predecessor-version":[{"id":2033,"href":"https:\/\/xsportscs.com.br\/index.php?rest_route=\/wp\/v2\/product\/2024\/revisions\/2033"}],"wp:featuredmedia":[{"embeddable":true,"href":"https:\/\/xsportscs.com.br\/index.php?rest_route=\/wp\/v2\/media\/2025"}],"wp:attachment":[{"href":"https:\/\/xsportscs.com.br\/index.php?rest_route=%2Fwp%2Fv2%2Fmedia&parent=2024"}],"wp:term":[{"taxonomy":"product_cat","embeddable":true,"href":"https:\/\/xsportscs.com.br\/index.php?rest_route=%2Fwp%2Fv2%2Fproduct_cat&post=2024"},{"taxonomy":"product_tag","embeddable":true,"href":"https:\/\/xsportscs.com.br\/index.php?rest_route=%2Fwp%2Fv2%2Fproduct_tag&post=2024"}],"curies":[{"name":"wp","href":"https:\/\/api.w.org\/{rel}","templated":true}]}}