{"id":2018,"date":"2021-04-08T13:47:09","date_gmt":"2021-04-08T13:47:09","guid":{"rendered":"http:\/\/xsportscs.com.br\/?post_type=product&#038;p=2018"},"modified":"2025-07-05T10:06:17","modified_gmt":"2025-07-05T13:06:17","slug":"rolamento-skate-red-bones-jogo-8-pcs","status":"publish","type":"product","link":"https:\/\/xsportscs.com.br\/?product=rolamento-skate-red-bones-jogo-8-pcs","title":{"rendered":"ROLAMENTO  RED BONES (JOGO 8 P\u00c7S)"},"content":{"rendered":"<div class=\"js-product-left-col span7 p-relative\" data-store=\"product-image-49612019\">\n<div class=\"description product-description product-description-desktop visible-when-content-ready user-content clear-both hidden-phone pull-left m-top\">\n<p>Rolamento Red Bones foi criado pelas mesmas pessoas que fazem os rolamentos Bones Swiss, os melhores rolamentos gringos ( a mesma fama dos rel\u00f3gios ) e eles s\u00e3o realmente incr\u00edveis! Os Rolamentos Bones, possuem corpo e esferas em a\u00e7o de alta qualidade, o que permite uma maior resist\u00eancia e durabilidade contra ferrugens e impactos de manobras, conta tamb\u00e9m com prote\u00e7\u00f5es laterais em nylon possibilitando prote\u00e7\u00e3o contra detritos e a possibilidade de remo\u00e7\u00e3o da prote\u00e7\u00e3o para limpeza e lubrifica\u00e7\u00e3o, apesar do mesmo vir pronto para o uso, \u00e9 \u00f3timo para manuten\u00e7\u00f5es futuras, tudo para garantir velocidade e o andar liso aonde voc\u00ea for. Ideal para: # skate #patins #longboard Especifica\u00e7\u00f5es: # Cor Predominante: Prata; # Cor Detalhe: Vermelho; # Quantidade na Embalagem: 8 Rolamentos; # Peso: 11g (cada rolamento); # Esferas de a\u00e7o inoxid\u00e1vel, tratadas termicamente para manter sua for\u00e7a, dureza e forma sim\u00e9trica, proporcionando menos atrito e mais velocidade; #Coroas retentoras das esferas com bloqueadores de poeira e areia. #Indicado para todas as modalidades; #Produto Lubrificado para melhor conserva\u00e7\u00e3o; #Possui superf\u00edcie polida, para garantir maior durabilidade; #Escudo remov\u00edvel para limpeza e lubrifica\u00e7\u00e3o; #Manual do Usu\u00e1rio Red Bones; #Acompanha Adesivo Red Bones; #Produto importado, 100% novo e original.<\/p>\n<\/div>\n<\/div>\n<div class=\"js-product-right-col span5\" data-store=\"product-info-49612019\">\n<div class=\"product-form-container\">\n<div class=\"js-product-name-price-container row-fluid\">\n<div class=\"span12\">\n<div class=\"title m-top-xs full-width\">\n<h1 id=\"product-name\" class=\"product-name h2 h4-xs\" data-store=\"product-name-49612019\"><\/h1>\n<\/div>\n<\/div>\n<\/div>\n<\/div>\n<\/div>\n","protected":false},"excerpt":{"rendered":"<p>Para voc\u00ea que anda de skate sabe a importancia de ter pe\u00e7as que te promovam seguran\u00e7a na hora dos seus rol\u00eas de skate.<br \/>\nOs rolamentos Bones\u00a0 Reds s\u00e3o importados e s\u00e3o fabricados com alta resistencia, durabilidade, foram desenvolvidos para serem os melhores rolamentos do mercado da sua faixa de pre\u00e7o.<\/p>\n","protected":false},"featured_media":2019,"comment_status":"open","ping_status":"closed","template":"","meta":{"ocean_post_layout":"","ocean_both_sidebars_style":"","ocean_both_sidebars_content_width":0,"ocean_both_sidebars_sidebars_width":0,"ocean_sidebar":"0","ocean_second_sidebar":"0","ocean_disable_margins":"enable","ocean_add_body_class":"","ocean_shortcode_before_top_bar":"","ocean_shortcode_after_top_bar":"","ocean_shortcode_before_header":"","ocean_shortcode_after_header":"","ocean_has_shortcode":"","ocean_shortcode_after_title":"","ocean_shortcode_before_footer_widgets":"","ocean_shortcode_after_footer_widgets":"","ocean_shortcode_before_footer_bottom":"","ocean_shortcode_after_footer_bottom":"","ocean_display_top_bar":"default","ocean_display_header":"default","ocean_header_style":"","ocean_center_header_left_menu":"0","ocean_custom_header_template":"0","ocean_custom_logo":0,"ocean_custom_retina_logo":0,"ocean_custom_logo_max_width":0,"ocean_custom_logo_tablet_max_width":0,"ocean_custom_logo_mobile_max_width":0,"ocean_custom_logo_max_height":0,"ocean_custom_logo_tablet_max_height":0,"ocean_custom_logo_mobile_max_height":0,"ocean_header_custom_menu":"0","ocean_menu_typo_font_family":"0","ocean_menu_typo_font_subset":"","ocean_menu_typo_font_size":0,"ocean_menu_typo_font_size_tablet":0,"ocean_menu_typo_font_size_mobile":0,"ocean_menu_typo_font_size_unit":"px","ocean_menu_typo_font_weight":"","ocean_menu_typo_font_weight_tablet":"","ocean_menu_typo_font_weight_mobile":"","ocean_menu_typo_transform":"","ocean_menu_typo_transform_tablet":"","ocean_menu_typo_transform_mobile":"","ocean_menu_typo_line_height":0,"ocean_menu_typo_line_height_tablet":0,"ocean_menu_typo_line_height_mobile":0,"ocean_menu_typo_line_height_unit":"","ocean_menu_typo_spacing":0,"ocean_menu_typo_spacing_tablet":0,"ocean_menu_typo_spacing_mobile":0,"ocean_menu_typo_spacing_unit":"","ocean_menu_link_color":"","ocean_menu_link_color_hover":"","ocean_menu_link_color_active":"","ocean_menu_link_background":"","ocean_menu_link_hover_background":"","ocean_menu_link_active_background":"","ocean_menu_social_links_bg":"","ocean_menu_social_hover_links_bg":"","ocean_menu_social_links_color":"","ocean_menu_social_hover_links_color":"","ocean_disable_title":"default","ocean_disable_heading":"default","ocean_post_title":"","ocean_post_subheading":"","ocean_post_title_style":"","ocean_post_title_background_color":"","ocean_post_title_background":0,"ocean_post_title_bg_image_position":"","ocean_post_title_bg_image_attachment":"","ocean_post_title_bg_image_repeat":"","ocean_post_title_bg_image_size":"","ocean_post_title_height":0,"ocean_post_title_bg_overlay":0.5,"ocean_post_title_bg_overlay_color":"","ocean_disable_breadcrumbs":"default","ocean_breadcrumbs_color":"","ocean_breadcrumbs_separator_color":"","ocean_breadcrumbs_links_color":"","ocean_breadcrumbs_links_hover_color":"","ocean_display_footer_widgets":"default","ocean_display_footer_bottom":"default","ocean_custom_footer_template":"0"},"product_cat":[43,40,47,42,31],"product_tag":[144,141,143],"_links":{"self":[{"href":"https:\/\/xsportscs.com.br\/index.php?rest_route=\/wp\/v2\/product\/2018"}],"collection":[{"href":"https:\/\/xsportscs.com.br\/index.php?rest_route=\/wp\/v2\/product"}],"about":[{"href":"https:\/\/xsportscs.com.br\/index.php?rest_route=\/wp\/v2\/types\/product"}],"replies":[{"embeddable":true,"href":"https:\/\/xsportscs.com.br\/index.php?rest_route=%2Fwp%2Fv2%2Fcomments&post=2018"}],"version-history":[{"count":3,"href":"https:\/\/xsportscs.com.br\/index.php?rest_route=\/wp\/v2\/product\/2018\/revisions"}],"predecessor-version":[{"id":2032,"href":"https:\/\/xsportscs.com.br\/index.php?rest_route=\/wp\/v2\/product\/2018\/revisions\/2032"}],"wp:featuredmedia":[{"embeddable":true,"href":"https:\/\/xsportscs.com.br\/index.php?rest_route=\/wp\/v2\/media\/2019"}],"wp:attachment":[{"href":"https:\/\/xsportscs.com.br\/index.php?rest_route=%2Fwp%2Fv2%2Fmedia&parent=2018"}],"wp:term":[{"taxonomy":"product_cat","embeddable":true,"href":"https:\/\/xsportscs.com.br\/index.php?rest_route=%2Fwp%2Fv2%2Fproduct_cat&post=2018"},{"taxonomy":"product_tag","embeddable":true,"href":"https:\/\/xsportscs.com.br\/index.php?rest_route=%2Fwp%2Fv2%2Fproduct_tag&post=2018"}],"curies":[{"name":"wp","href":"https:\/\/api.w.org\/{rel}","templated":true}]}}