{"id":1976,"date":"2021-04-07T17:27:05","date_gmt":"2021-04-07T17:27:05","guid":{"rendered":"http:\/\/xsportscs.com.br\/?post_type=product&#038;p=1976"},"modified":"2026-01-22T11:56:46","modified_gmt":"2026-01-22T14:56:46","slug":"relogio-g-shock-dw-5600bb-1dr","status":"publish","type":"product","link":"https:\/\/xsportscs.com.br\/?product=relogio-g-shock-dw-5600bb-1dr","title":{"rendered":"Rel\u00f3gio G-Shock DW-5600BB-1DR"},"content":{"rendered":"<h5 class=\"relogio\">DW-5600BB-1DR<\/h5>\n<div id=\"descricao\">Este modelo resiste \u00e0 \u00e1gua em at\u00e9 200 metros. Seu inovador design apresenta visor com luz de fundo, que permite uma super ilumina\u00e7\u00e3o.<\/div>\n<div class=\"especificacoes\">\n<h6 class=\"tit_especificacoes\">ESPECIFICA\u00c7\u00d5ES T\u00c9CNICAS<\/h6>\n<\/div>\n<p>&#8211; Vidro mineral<br \/>\n&#8211; Resist\u00eancia a choques<br \/>\n&#8211; Resist\u00eancia \u00e0 \u00e1gua 200m<br \/>\n&#8211; Material da caixa\/aro: resina<br \/>\n&#8211; Pulseira em resina<br \/>\n&#8211; Fundo luminoso<br \/>\nPersist\u00eancia luminosa<br \/>\n&#8211; Alerta piscante<br \/>\nPisca e soa para alarmes, sinaliza\u00e7\u00e3o a cada hora, alarme do cron\u00f4metro regressivo<br \/>\n&#8211; Alarme<br \/>\n&#8211; Cron\u00f4metro de 1\/100 segundo<br \/>\nCapacidade de medi\u00e7\u00e3o: 00&#8217;00&#8243;00~59&#8217;59&#8243;99 (nos primeiros 60 minutos) e 1:00&#8217;00~23:59&#8217;59 (ap\u00f3s 60 minutos)<br \/>\nUnidade de medi\u00e7\u00e3o: 1\/100 segundo (nos primeiros 60 minutos) e 1 segundo (ap\u00f3s 60 minutos)<br \/>\nModos de medi\u00e7\u00e3o: Tempo transcorrido, divis\u00e3o de tempo e os dois melhores tempos<br \/>\n&#8211; Cron\u00f4metro regressivo<br \/>\nUnidade de medi\u00e7\u00e3o: 1 segundo<br \/>\nFaixa de contagem: 24 horas<br \/>\nConfigura\u00e7\u00e3o inicial da faixa de contagem: 1 segundo a 24 horas (intervalos de 1 segundo, 1 minuto e 1 hora)<br \/>\nRepeti\u00e7\u00e3o autom\u00e1tica<br \/>\n&#8211; Alarmes multi-funcionais<br \/>\n&#8211; Sinaliza\u00e7\u00e3o a cada hora<br \/>\n&#8211; Calend\u00e1rio autom\u00e1tico (at\u00e9 o ano 2039)<br \/>\n&#8211; Formatos 12\/24 horas<br \/>\n&#8211; Hor\u00e1rio regular: Hora, minuto, segundo, am\/pm, m\u00eas, data, dia<br \/>\n&#8211; Precis\u00e3o: \u00b115 segundos por m\u00eas<br \/>\n&#8211; Dura\u00e7\u00e3o aproximada da bateria: 2 anos com CR2016<br \/>\n&#8211; Peso total da caixa: 72 g<br \/>\n&#8211; EL: Azul Verde<\/p>\n","protected":false},"excerpt":{"rendered":"<p>Desde sua funda\u00e7\u00e3o, em 1957, a Casio vem trabalhando para manter o princ\u00edpio de \u201ccriatividade e contribui\u00e7\u00e3o\u201d da corpora\u00e7\u00e3o, lan\u00e7ando produtos inovadores. Adquira este incr\u00edvel rel\u00f3gio de pulso Casio e desfrute de modernidade, eleg\u00e2ncia, satisfa\u00e7\u00e3o e prazer. Confira! Um produto para quem preza qualidade e beleza!<\/p>\n","protected":false},"featured_media":1977,"comment_status":"open","ping_status":"closed","template":"","meta":{"ocean_post_layout":"","ocean_both_sidebars_style":"","ocean_both_sidebars_content_width":0,"ocean_both_sidebars_sidebars_width":0,"ocean_sidebar":"0","ocean_second_sidebar":"0","ocean_disable_margins":"enable","ocean_add_body_class":"","ocean_shortcode_before_top_bar":"","ocean_shortcode_after_top_bar":"","ocean_shortcode_before_header":"","ocean_shortcode_after_header":"","ocean_has_shortcode":"","ocean_shortcode_after_title":"","ocean_shortcode_before_footer_widgets":"","ocean_shortcode_after_footer_widgets":"","ocean_shortcode_before_footer_bottom":"","ocean_shortcode_after_footer_bottom":"","ocean_display_top_bar":"default","ocean_display_header":"default","ocean_header_style":"","ocean_center_header_left_menu":"0","ocean_custom_header_template":"0","ocean_custom_logo":0,"ocean_custom_retina_logo":0,"ocean_custom_logo_max_width":0,"ocean_custom_logo_tablet_max_width":0,"ocean_custom_logo_mobile_max_width":0,"ocean_custom_logo_max_height":0,"ocean_custom_logo_tablet_max_height":0,"ocean_custom_logo_mobile_max_height":0,"ocean_header_custom_menu":"0","ocean_menu_typo_font_family":"0","ocean_menu_typo_font_subset":"","ocean_menu_typo_font_size":0,"ocean_menu_typo_font_size_tablet":0,"ocean_menu_typo_font_size_mobile":0,"ocean_menu_typo_font_size_unit":"px","ocean_menu_typo_font_weight":"","ocean_menu_typo_font_weight_tablet":"","ocean_menu_typo_font_weight_mobile":"","ocean_menu_typo_transform":"","ocean_menu_typo_transform_tablet":"","ocean_menu_typo_transform_mobile":"","ocean_menu_typo_line_height":0,"ocean_menu_typo_line_height_tablet":0,"ocean_menu_typo_line_height_mobile":0,"ocean_menu_typo_line_height_unit":"","ocean_menu_typo_spacing":0,"ocean_menu_typo_spacing_tablet":0,"ocean_menu_typo_spacing_mobile":0,"ocean_menu_typo_spacing_unit":"","ocean_menu_link_color":"","ocean_menu_link_color_hover":"","ocean_menu_link_color_active":"","ocean_menu_link_background":"","ocean_menu_link_hover_background":"","ocean_menu_link_active_background":"","ocean_menu_social_links_bg":"","ocean_menu_social_hover_links_bg":"","ocean_menu_social_links_color":"","ocean_menu_social_hover_links_color":"","ocean_disable_title":"default","ocean_disable_heading":"default","ocean_post_title":"","ocean_post_subheading":"","ocean_post_title_style":"","ocean_post_title_background_color":"","ocean_post_title_background":0,"ocean_post_title_bg_image_position":"","ocean_post_title_bg_image_attachment":"","ocean_post_title_bg_image_repeat":"","ocean_post_title_bg_image_size":"","ocean_post_title_height":0,"ocean_post_title_bg_overlay":0.5,"ocean_post_title_bg_overlay_color":"","ocean_disable_breadcrumbs":"default","ocean_breadcrumbs_color":"","ocean_breadcrumbs_separator_color":"","ocean_breadcrumbs_links_color":"","ocean_breadcrumbs_links_hover_color":"","ocean_display_footer_widgets":"default","ocean_display_footer_bottom":"default","ocean_custom_footer_template":"0"},"product_cat":[61,35,62],"product_tag":[137,139,136],"_links":{"self":[{"href":"https:\/\/xsportscs.com.br\/index.php?rest_route=\/wp\/v2\/product\/1976"}],"collection":[{"href":"https:\/\/xsportscs.com.br\/index.php?rest_route=\/wp\/v2\/product"}],"about":[{"href":"https:\/\/xsportscs.com.br\/index.php?rest_route=\/wp\/v2\/types\/product"}],"replies":[{"embeddable":true,"href":"https:\/\/xsportscs.com.br\/index.php?rest_route=%2Fwp%2Fv2%2Fcomments&post=1976"}],"version-history":[{"count":1,"href":"https:\/\/xsportscs.com.br\/index.php?rest_route=\/wp\/v2\/product\/1976\/revisions"}],"predecessor-version":[{"id":1980,"href":"https:\/\/xsportscs.com.br\/index.php?rest_route=\/wp\/v2\/product\/1976\/revisions\/1980"}],"wp:featuredmedia":[{"embeddable":true,"href":"https:\/\/xsportscs.com.br\/index.php?rest_route=\/wp\/v2\/media\/1977"}],"wp:attachment":[{"href":"https:\/\/xsportscs.com.br\/index.php?rest_route=%2Fwp%2Fv2%2Fmedia&parent=1976"}],"wp:term":[{"taxonomy":"product_cat","embeddable":true,"href":"https:\/\/xsportscs.com.br\/index.php?rest_route=%2Fwp%2Fv2%2Fproduct_cat&post=1976"},{"taxonomy":"product_tag","embeddable":true,"href":"https:\/\/xsportscs.com.br\/index.php?rest_route=%2Fwp%2Fv2%2Fproduct_tag&post=1976"}],"curies":[{"name":"wp","href":"https:\/\/api.w.org\/{rel}","templated":true}]}}