{"id":1963,"date":"2021-04-07T16:19:19","date_gmt":"2021-04-07T16:19:19","guid":{"rendered":"http:\/\/xsportscs.com.br\/?post_type=product&#038;p=1963"},"modified":"2025-06-25T15:42:54","modified_gmt":"2025-06-25T18:42:54","slug":"relogio-g-shock-camuflado-gd-120cm-8dr","status":"publish","type":"product","link":"https:\/\/xsportscs.com.br\/?product=relogio-g-shock-camuflado-gd-120cm-8dr","title":{"rendered":"Rel\u00f3gio G-Shock Camuflado GD-120CM-8DR"},"content":{"rendered":"<h5 class=\"relogio\">GD-120CM-8DR<\/h5>\n<div id=\"descricao\">\n<p id=\"descricao\">A s\u00e9rie GD-120 apresenta um novo design de caixa. O padr\u00e3o de camuflagem florestal dos modelos GD-120CM torna esses rel\u00f3gios perfeitamente apropriados para a moda atual do dia a dia.<\/p>\n<p>Uma nova tecnologia de impress\u00e3o foi aplicada para criar os padr\u00f5es de caixa e de pulseira desses modelos, bem como os padr\u00f5es de camuflagem de seus mostradores<\/p>\n<p>&nbsp;<\/p>\n<p>ESPECIFICA\u00c7\u00d5ES T\u00c9CNICAS<\/p>\n<\/div>\n<p>&#8211; Vidro mineral<br \/>\n&#8211; Resist\u00eancia a choques<br \/>\n&#8211; Resist\u00eancia \u00e0 \u00e1gua 200m<br \/>\n&#8211; Material da caixa\/aro: resina<br \/>\n&#8211; Pulseira em resina<br \/>\n&#8211; Fundo luminoso LED (Super Illuminator)<br \/>\nLuz autom\u00e1tica por sensor, dura\u00e7\u00e3o de luminosidade selecion\u00e1vel, persist\u00eancia luminosa<br \/>\n&#8211; Alerta piscante<br \/>\nPisca e soa para alarmes, sinaliza\u00e7\u00e3o a cada hora<br \/>\n&#8211; Horas variadas (4 cidades diferentes)<br \/>\n&#8211; Hora mundial<br \/>\n31 fusos hor\u00e1rios (48 cidades + Coordinated Universal Time), exibi\u00e7\u00e3o do c\u00f3digo da cidade, ativa\u00e7\u00e3o\/desativa\u00e7\u00e3o de hor\u00e1rio de ver\u00e3o, troca da hora da cidade de refer\u00eancia\/hora mundial<br \/>\n&#8211; Cron\u00f4metros de 1\/100 de segundo<br \/>\nCapacidade de medi\u00e7\u00e3o: 23:59&#8217;59.99&#8221;<br \/>\nModos de medi\u00e7\u00e3o: tempo transcorrido, divis\u00e3o de tempo e os dois melhores tempos<br \/>\n&#8211; Cron\u00f4metro regressivo<br \/>\nUnidade de medi\u00e7\u00e3o: 1\/10 segundo<br \/>\nFaixa de contagem: 24 horas<br \/>\nConfigura\u00e7\u00e3o inicial da faixa de contagem: 1 segundo a 24 horas (intervalos de 1 segundo, 1 minuto e 1 hora)<br \/>\n&#8211; Cinco alarmes \u00fanicos ou di\u00e1rios<br \/>\n&#8211; Sinaliza\u00e7\u00e3o a cada hora<br \/>\n&#8211; Calend\u00e1rio autom\u00e1tico (at\u00e9 o ano 2099)<br \/>\n&#8211; Formatos de 12\/24 horas<br \/>\n&#8211; Ativa\u00e7\u00e3o e desativa\u00e7\u00e3o do tom de opera\u00e7\u00e3o do bot\u00e3o<br \/>\n&#8211; Hor\u00e1rio regular<br \/>\n&#8211; Digital: hora, minuto, segundo, am\/pm, m\u00eas, data, dia<br \/>\n&#8211; Precis\u00e3o: \u00b115 segundos por m\u00eas<br \/>\n&#8211; Dura\u00e7\u00e3o aproximada da bateria: 7 anos com CR2025<br \/>\n&#8211; Tamanho da caixa:\u200255\u2002\u00d7\u200251,2\u2002\u00d7\u200217,4\u2002mm<br \/>\n&#8211; Peso total: 72 g<br \/>\n&#8211; LED:Branco<\/p>\n","protected":false},"excerpt":{"rendered":"<p>Desde sua funda\u00e7\u00e3o, em 1957, a Casio vem trabalhando para manter o princ\u00edpio de \u201ccriatividade e contribui\u00e7\u00e3o\u201d da corpora\u00e7\u00e3o, lan\u00e7ando produtos inovadores. Adquira este incr\u00edvel rel\u00f3gio de pulso Casio e desfrute de modernidade, eleg\u00e2ncia, satisfa\u00e7\u00e3o e prazer. Confira! Um produto para quem preza qualidade e beleza!<\/p>\n","protected":false},"featured_media":1964,"comment_status":"open","ping_status":"closed","template":"","meta":{"ocean_post_layout":"","ocean_both_sidebars_style":"","ocean_both_sidebars_content_width":0,"ocean_both_sidebars_sidebars_width":0,"ocean_sidebar":"0","ocean_second_sidebar":"0","ocean_disable_margins":"enable","ocean_add_body_class":"","ocean_shortcode_before_top_bar":"","ocean_shortcode_after_top_bar":"","ocean_shortcode_before_header":"","ocean_shortcode_after_header":"","ocean_has_shortcode":"","ocean_shortcode_after_title":"","ocean_shortcode_before_footer_widgets":"","ocean_shortcode_after_footer_widgets":"","ocean_shortcode_before_footer_bottom":"","ocean_shortcode_after_footer_bottom":"","ocean_display_top_bar":"default","ocean_display_header":"default","ocean_header_style":"","ocean_center_header_left_menu":"0","ocean_custom_header_template":"0","ocean_custom_logo":0,"ocean_custom_retina_logo":0,"ocean_custom_logo_max_width":0,"ocean_custom_logo_tablet_max_width":0,"ocean_custom_logo_mobile_max_width":0,"ocean_custom_logo_max_height":0,"ocean_custom_logo_tablet_max_height":0,"ocean_custom_logo_mobile_max_height":0,"ocean_header_custom_menu":"0","ocean_menu_typo_font_family":"0","ocean_menu_typo_font_subset":"","ocean_menu_typo_font_size":0,"ocean_menu_typo_font_size_tablet":0,"ocean_menu_typo_font_size_mobile":0,"ocean_menu_typo_font_size_unit":"px","ocean_menu_typo_font_weight":"","ocean_menu_typo_font_weight_tablet":"","ocean_menu_typo_font_weight_mobile":"","ocean_menu_typo_transform":"","ocean_menu_typo_transform_tablet":"","ocean_menu_typo_transform_mobile":"","ocean_menu_typo_line_height":0,"ocean_menu_typo_line_height_tablet":0,"ocean_menu_typo_line_height_mobile":0,"ocean_menu_typo_line_height_unit":"","ocean_menu_typo_spacing":0,"ocean_menu_typo_spacing_tablet":0,"ocean_menu_typo_spacing_mobile":0,"ocean_menu_typo_spacing_unit":"","ocean_menu_link_color":"","ocean_menu_link_color_hover":"","ocean_menu_link_color_active":"","ocean_menu_link_background":"","ocean_menu_link_hover_background":"","ocean_menu_link_active_background":"","ocean_menu_social_links_bg":"","ocean_menu_social_hover_links_bg":"","ocean_menu_social_links_color":"","ocean_menu_social_hover_links_color":"","ocean_disable_title":"default","ocean_disable_heading":"default","ocean_post_title":"","ocean_post_subheading":"","ocean_post_title_style":"","ocean_post_title_background_color":"","ocean_post_title_background":0,"ocean_post_title_bg_image_position":"","ocean_post_title_bg_image_attachment":"","ocean_post_title_bg_image_repeat":"","ocean_post_title_bg_image_size":"","ocean_post_title_height":0,"ocean_post_title_bg_overlay":0.5,"ocean_post_title_bg_overlay_color":"","ocean_disable_breadcrumbs":"default","ocean_breadcrumbs_color":"","ocean_breadcrumbs_separator_color":"","ocean_breadcrumbs_links_color":"","ocean_breadcrumbs_links_hover_color":"","ocean_display_footer_widgets":"default","ocean_display_footer_bottom":"default","ocean_custom_footer_template":"0"},"product_cat":[61,35,62],"product_tag":[137,139,136],"_links":{"self":[{"href":"https:\/\/xsportscs.com.br\/index.php?rest_route=\/wp\/v2\/product\/1963"}],"collection":[{"href":"https:\/\/xsportscs.com.br\/index.php?rest_route=\/wp\/v2\/product"}],"about":[{"href":"https:\/\/xsportscs.com.br\/index.php?rest_route=\/wp\/v2\/types\/product"}],"replies":[{"embeddable":true,"href":"https:\/\/xsportscs.com.br\/index.php?rest_route=%2Fwp%2Fv2%2Fcomments&post=1963"}],"version-history":[{"count":1,"href":"https:\/\/xsportscs.com.br\/index.php?rest_route=\/wp\/v2\/product\/1963\/revisions"}],"predecessor-version":[{"id":1967,"href":"https:\/\/xsportscs.com.br\/index.php?rest_route=\/wp\/v2\/product\/1963\/revisions\/1967"}],"wp:featuredmedia":[{"embeddable":true,"href":"https:\/\/xsportscs.com.br\/index.php?rest_route=\/wp\/v2\/media\/1964"}],"wp:attachment":[{"href":"https:\/\/xsportscs.com.br\/index.php?rest_route=%2Fwp%2Fv2%2Fmedia&parent=1963"}],"wp:term":[{"taxonomy":"product_cat","embeddable":true,"href":"https:\/\/xsportscs.com.br\/index.php?rest_route=%2Fwp%2Fv2%2Fproduct_cat&post=1963"},{"taxonomy":"product_tag","embeddable":true,"href":"https:\/\/xsportscs.com.br\/index.php?rest_route=%2Fwp%2Fv2%2Fproduct_tag&post=1963"}],"curies":[{"name":"wp","href":"https:\/\/api.w.org\/{rel}","templated":true}]}}