{"id":1954,"date":"2021-04-07T15:40:42","date_gmt":"2021-04-07T15:40:42","guid":{"rendered":"http:\/\/xsportscs.com.br\/?post_type=product&#038;p=1954"},"modified":"2024-10-29T09:52:01","modified_gmt":"2024-10-29T12:52:01","slug":"casio-g-shock-aw-591-2adr","status":"publish","type":"product","link":"https:\/\/xsportscs.com.br\/?product=casio-g-shock-aw-591-2adr","title":{"rendered":"Casio G-Shock AW-591-2ADR"},"content":{"rendered":"<p><strong>Rel\u00f3gio Casio G-Shock AW-591-2ADR<\/strong><\/p>\n<p>Linha\u00a0<strong>Casio G-SHOCK<\/strong><br \/>\nCasual, Esportivo, Urbano Alarme<br \/>\n<strong>Anal\u00f3gico e Digital<\/strong><br \/>\nCalend\u00e1rio<br \/>\n<strong>Cron\u00f4metro<\/strong><br \/>\nDual time<br \/>\n<strong>Hor\u00e1rio mundial<\/strong><br \/>\n<strong>Ilumina\u00e7\u00e3o<\/strong><br \/>\nResist\u00eancia a \u00e1gua:\u00a0<strong>200m<\/strong><br \/>\nMaterial da Pulseira:\u00a0<strong>Resina<\/strong><br \/>\nDi\u00e2metro da caixa:\u00a0<strong>46 mm<\/strong><br \/>\nEspessura da caixa:\u00a0<strong>14,7 mm<\/strong><br \/>\nMaterial da caixa:\u00a0<strong>Resina<\/strong><br \/>\nComprimento do Rel\u00f3gio:\u00a0<strong>24 cm<\/strong><\/p>\n","protected":false},"excerpt":{"rendered":"<p>Desde sua funda\u00e7\u00e3o, em 1957, a Casio vem trabalhando para manter o princ\u00edpio de &#8220;criatividade e contribui\u00e7\u00e3o&#8221; da corpora\u00e7\u00e3o, lan\u00e7ando produtos inovadores. Adquira este incr\u00edvel rel\u00f3gio de pulso Casio e desfrute de modernidade, eleg\u00e2ncia, satisfa\u00e7\u00e3o e prazer. Confira! Um produto para quem preza qualidade e beleza!<\/p>\n","protected":false},"featured_media":1955,"comment_status":"open","ping_status":"closed","template":"","meta":{"ocean_post_layout":"","ocean_both_sidebars_style":"","ocean_both_sidebars_content_width":0,"ocean_both_sidebars_sidebars_width":0,"ocean_sidebar":"0","ocean_second_sidebar":"0","ocean_disable_margins":"enable","ocean_add_body_class":"","ocean_shortcode_before_top_bar":"","ocean_shortcode_after_top_bar":"","ocean_shortcode_before_header":"","ocean_shortcode_after_header":"","ocean_has_shortcode":"","ocean_shortcode_after_title":"","ocean_shortcode_before_footer_widgets":"","ocean_shortcode_after_footer_widgets":"","ocean_shortcode_before_footer_bottom":"","ocean_shortcode_after_footer_bottom":"","ocean_display_top_bar":"default","ocean_display_header":"default","ocean_header_style":"","ocean_center_header_left_menu":"0","ocean_custom_header_template":"0","ocean_custom_logo":0,"ocean_custom_retina_logo":0,"ocean_custom_logo_max_width":0,"ocean_custom_logo_tablet_max_width":0,"ocean_custom_logo_mobile_max_width":0,"ocean_custom_logo_max_height":0,"ocean_custom_logo_tablet_max_height":0,"ocean_custom_logo_mobile_max_height":0,"ocean_header_custom_menu":"0","ocean_menu_typo_font_family":"0","ocean_menu_typo_font_subset":"","ocean_menu_typo_font_size":0,"ocean_menu_typo_font_size_tablet":0,"ocean_menu_typo_font_size_mobile":0,"ocean_menu_typo_font_size_unit":"px","ocean_menu_typo_font_weight":"","ocean_menu_typo_font_weight_tablet":"","ocean_menu_typo_font_weight_mobile":"","ocean_menu_typo_transform":"","ocean_menu_typo_transform_tablet":"","ocean_menu_typo_transform_mobile":"","ocean_menu_typo_line_height":0,"ocean_menu_typo_line_height_tablet":0,"ocean_menu_typo_line_height_mobile":0,"ocean_menu_typo_line_height_unit":"","ocean_menu_typo_spacing":0,"ocean_menu_typo_spacing_tablet":0,"ocean_menu_typo_spacing_mobile":0,"ocean_menu_typo_spacing_unit":"","ocean_menu_link_color":"","ocean_menu_link_color_hover":"","ocean_menu_link_color_active":"","ocean_menu_link_background":"","ocean_menu_link_hover_background":"","ocean_menu_link_active_background":"","ocean_menu_social_links_bg":"","ocean_menu_social_hover_links_bg":"","ocean_menu_social_links_color":"","ocean_menu_social_hover_links_color":"","ocean_disable_title":"default","ocean_disable_heading":"default","ocean_post_title":"","ocean_post_subheading":"","ocean_post_title_style":"","ocean_post_title_background_color":"","ocean_post_title_background":0,"ocean_post_title_bg_image_position":"","ocean_post_title_bg_image_attachment":"","ocean_post_title_bg_image_repeat":"","ocean_post_title_bg_image_size":"","ocean_post_title_height":0,"ocean_post_title_bg_overlay":0.5,"ocean_post_title_bg_overlay_color":"","ocean_disable_breadcrumbs":"default","ocean_breadcrumbs_color":"","ocean_breadcrumbs_separator_color":"","ocean_breadcrumbs_links_color":"","ocean_breadcrumbs_links_hover_color":"","ocean_display_footer_widgets":"default","ocean_display_footer_bottom":"default","ocean_custom_footer_template":"0"},"product_cat":[61,35,62],"product_tag":[137,138,136],"_links":{"self":[{"href":"https:\/\/xsportscs.com.br\/index.php?rest_route=\/wp\/v2\/product\/1954"}],"collection":[{"href":"https:\/\/xsportscs.com.br\/index.php?rest_route=\/wp\/v2\/product"}],"about":[{"href":"https:\/\/xsportscs.com.br\/index.php?rest_route=\/wp\/v2\/types\/product"}],"replies":[{"embeddable":true,"href":"https:\/\/xsportscs.com.br\/index.php?rest_route=%2Fwp%2Fv2%2Fcomments&post=1954"}],"version-history":[{"count":1,"href":"https:\/\/xsportscs.com.br\/index.php?rest_route=\/wp\/v2\/product\/1954\/revisions"}],"predecessor-version":[{"id":1958,"href":"https:\/\/xsportscs.com.br\/index.php?rest_route=\/wp\/v2\/product\/1954\/revisions\/1958"}],"wp:featuredmedia":[{"embeddable":true,"href":"https:\/\/xsportscs.com.br\/index.php?rest_route=\/wp\/v2\/media\/1955"}],"wp:attachment":[{"href":"https:\/\/xsportscs.com.br\/index.php?rest_route=%2Fwp%2Fv2%2Fmedia&parent=1954"}],"wp:term":[{"taxonomy":"product_cat","embeddable":true,"href":"https:\/\/xsportscs.com.br\/index.php?rest_route=%2Fwp%2Fv2%2Fproduct_cat&post=1954"},{"taxonomy":"product_tag","embeddable":true,"href":"https:\/\/xsportscs.com.br\/index.php?rest_route=%2Fwp%2Fv2%2Fproduct_tag&post=1954"}],"curies":[{"name":"wp","href":"https:\/\/api.w.org\/{rel}","templated":true}]}}