{"id":3,"date":"2021-02-11T17:24:21","date_gmt":"2021-02-11T17:24:21","guid":{"rendered":"http:\/\/xsportscs.com.br\/?page_id=3"},"modified":"2021-02-25T17:45:55","modified_gmt":"2021-02-25T17:45:55","slug":"privacy-policy","status":"publish","type":"page","link":"https:\/\/xsportscs.com.br\/?page_id=3","title":{"rendered":"Pol\u00edticas de Privacidade"},"content":{"rendered":"<h3>TERMOS DE USO &amp; TERMOS DE USO &amp; POL\u00cdTICA DE PRIVACIDADE<\/h3>\n<p>A x-sports compromete-se com a seguran\u00e7a de informa\u00e7\u00e3o de seus clientes em rela\u00e7\u00e3o aos dados e informa\u00e7\u00f5es coletadas. por isso, apresentamos nossa pol\u00edtica de privacidade, que tem por objetivo esclarecer o uso dessas informa\u00e7\u00f5es. ao navegar no site x-sports&nbsp; voc\u00ea aceita as pr\u00e1ticas descritas nesta pol\u00edtica de privacidade.<\/p>\n<p>para aprimoramento da presta\u00e7\u00e3o de servi\u00e7os e melhorarmos continuamente a experi\u00eancia de navega\u00e7\u00e3o, coletamos informa\u00e7\u00f5es importantes de nossos clientes.<\/p>\n<h3>POL\u00cdTICA DE PRIVACIDADE: X-PORTS<\/h3>\n<p>A x-sports compromete-se com a seguran\u00e7a de informa\u00e7\u00e3o de seus clientes em rela\u00e7\u00e3o aos dados e informa\u00e7\u00f5es coletadas. por isso, apresentamos nossa pol\u00edtica de privacidade, que tem por objetivo esclarecer o uso dessas informa\u00e7\u00f5es. ao navegar no site x-sports&nbsp; voc\u00ea aceita as pr\u00e1ticas descritas nesta pol\u00edtica de privacidade.<\/p>\n<p>para aprimoramento da presta\u00e7\u00e3o de servi\u00e7os e melhorarmos continuamente a experi\u00eancia de navega\u00e7\u00e3o, coletamos informa\u00e7\u00f5es importantes de nossos clientes.<\/p>\n<h3>COOKIES<\/h3>\n<p>N\u00f3s utilizamos cookies. Cookies s\u00e3o pequenos arquivos de textos simples que sites armazenam em seu navegador para salvar suas prefer\u00eancias e configura\u00e7\u00f5es. Por exemplo, quando voc\u00ea acessa um site pela primeira vez, que faz uso de cookies, este site envia um arquivo de texto com suas prefer\u00eancias para o seu navegador, como: Regi\u00e3o de onde voc\u00ea est\u00e1 acessando, seu endere\u00e7o de e-mail, idioma escolhido, cores, produtos que voc\u00ea poder\u00e1 gostar com base em suas pesquisas, e etc. Quando voc\u00ea acessar o site novamente, seu navegador ir\u00e1 enviar este arquivo para o site, desta forma as suas configura\u00e7\u00f5es e prefer\u00eancias ser\u00e3o aplicadas automaticamente sem que voc\u00ea precise configurar tudo de novo (a menos que voc\u00ea queira).<\/p>\n<p>Se voc\u00ea tem uma conta e acessa este site, um cookie tempor\u00e1rio ser\u00e1 criado para determinar se seu navegador aceita cookies. Ele n\u00e3o cont\u00e9m nenhum dado pessoal e ser\u00e1 descartado quando voc\u00ea fechar seu navegador.<\/p>\n<p>Quando voc\u00ea acessa sua conta no site, tamb\u00e9m criamos v\u00e1rios cookies para salvar os dados da sua conta e suas escolhas de exibi\u00e7\u00e3o de tela. Cookies de login s\u00e3o mantidos por dois dias e cookies de op\u00e7\u00f5es de tela por um ano. Se voc\u00ea selecionar \u201cLembrar-me\u201d, seu acesso ser\u00e1 mantido por duas semanas. Se voc\u00ea se desconectar da sua conta, os cookies de login ser\u00e3o removidos.<\/p>\n<p>Tipos de cookies que usamos<\/p>\n<p>Essencial: Alguns cookies s\u00e3o essenciais para que voc\u00ea possa experimentar todas as funcionalidades do nosso site. Eles nos permitem manter as sess\u00f5es do usu\u00e1rio e prevenir quaisquer amea\u00e7as \u00e0 seguran\u00e7a. Eles n\u00e3o coletam ou armazenam nenhuma informa\u00e7\u00e3o pessoal. Por exemplo, esses cookies permitem que voc\u00ea fa\u00e7a login em sua conta e adicione produtos \u00e0 sua cesta e finalize a compra com seguran\u00e7a.<\/p>\n<p>Estat\u00edsticas: Esses cookies armazenam informa\u00e7\u00f5es como o n\u00famero de visitantes do site, o n\u00famero de visitantes \u00fanicos, quais p\u00e1ginas do site foram visitadas, a origem da visita, etc. Esses dados nos ajudam a compreender e analisar o desempenho do site e onde precisa de melhorias. Utilizamos o Cookie do Google para gerar esses relat\u00f3rio no Google Analytics.<\/p>\n<p>Marketing: Nosso site exibe an\u00fancios. Esses cookies s\u00e3o usados para personalizar os an\u00fancios que mostramos a voc\u00ea para que sejam significativos para voc\u00ea. Esses cookies tamb\u00e9m nos ajudam a acompanhar a efici\u00eancia dessas campanhas publicit\u00e1rias.<\/p>\n<p>As informa\u00e7\u00f5es armazenadas nesses cookies tamb\u00e9m podem ser usadas por provedores de an\u00fancios de terceiros para exibir an\u00fancios em outros sites no navegador tamb\u00e9m.<\/p>\n<p>Funcionais: s\u00e3o os cookies que auxiliam certas funcionalidades n\u00e3o essenciais do nosso site. Essas funcionalidades incluem a incorpora\u00e7\u00e3o de conte\u00fado como v\u00eddeos ou o compartilhamento de conte\u00fado no site em plataformas de m\u00eddia social.<\/p>\n<h3>DADOS CADASTRAIS<\/h3>\n<p>Muitos de nossos servi\u00e7os dependem que voc\u00ea tenha um cadastro com uma conta de usu\u00e1rio. ao se cadastrar, coletamos seu nome, e-mail, endere\u00e7o de entrega e cobran\u00e7a, telefone de contato, cpf, rg, data de nascimento, sexo, entre outros itens. al\u00e9m disso, voc\u00ea pode optar por n\u00e3o fornecer algumas das informa\u00e7\u00f5es, mas outras ser\u00e3o necess\u00e1rias para o fechamento e aprova\u00e7\u00e3o do pedido.<\/p>\n<h3>OUTRAS FONTES<\/h3>\n<p>Com a facilidade de acesso atrav\u00e9s de diversos equipamentos eletr\u00f4nicos, podemos coletar informa\u00e7\u00f5es espec\u00edficas de dispositivos m\u00f3veis que acessam a x-sports. al\u00e9m disso, armazenamos algumas informa\u00e7\u00f5es que recebemos automaticamente toda vez que o cliente interage com nosso site e publicidades: internet protocol (ip), tipo de navegador e p\u00e1ginas visualizadas em nosso site s\u00e3o alguns exemplos desta coleta, que \u00e9 efetuada por meio de cookies. cookies s\u00e3o identifica\u00e7\u00f5es da intera\u00e7\u00e3o com nosso site ou nossas publicidades, que s\u00e3o transferidas para o aparelho do cliente visando reconhec\u00ea-lo na pr\u00f3xima navega\u00e7\u00e3o. utilizamos cookies para proporcionar uma melhor experi\u00eancia de navega\u00e7\u00e3o em nossa loja e viabilizar recursos personalizados, como recomenda\u00e7\u00f5es de produtos, publicidades e informa\u00e7\u00f5es adicionais de itens de interesse do cliente, por exemplo. o cliente pode desabilitar o salvamento de cookies em seu browser, delet\u00e1-los e gerenciar sua utiliza\u00e7\u00e3o por meio da configura\u00e7\u00e3o do navegador.<\/p>\n<h3>CONTROLE DO CLIENTE<\/h3>\n<p>O cliente gerencia quais informa\u00e7\u00f5es quer fornecer para a x-sports, entretanto, algumas delas s\u00e3o essenciais para a conclus\u00e3o de pedidos. no ato do cadastramento ou preenchimento de seu e-mail diretamente no rodap\u00e9 do site, o cliente opta por receber regularmente promo\u00e7\u00f5es por e-mail. o envio de mensagens eletr\u00f4nicas se dar\u00e1 somente com o consentimento do cliente e poder\u00e1 ser desativado a qualquer momento, solicitando o descadastro do seu e-mail. voc\u00ea pode se cancelar seu cadastro das seguintes formas:<\/p>\n<h4>ATRAV\u00c9S DO SITE<\/h4>\n<p>Fa\u00e7a o login (caso n\u00e3o esteja logado) e acesse a \u00e1rea \u201cmeus dados\u201d. logo na p\u00e1gina principal, no menu lateral, haver\u00e1 o assunto \u201cnewsletter\u201d. basta retirar a marca\u00e7\u00e3o dentro box \u201cassinatura comum\u201d e clicar no campo \u201csalvar\u201d para que sua assinatura para recebimento de promo\u00e7\u00f5es seja cancelado da x-sports<\/p>\n<h4>ATRAV\u00c9S DOS E-MAILS PROMOCIONAIS<\/h4>\n<p>Em todos os e-mails promocionais da x-sports&nbsp; estar\u00e1 dispon\u00edvel para voc\u00ea um link para cancelamento da assinatura com a seguinte frase: \u201ccaso n\u00e3o queira mais receber nossos emails remova aqui\u201d. \u00e9 s\u00f3 clicar no link \u201cremova aqui\u201d e sua assinatura para recebimento de promo\u00e7\u00f5es ser\u00e1 cancelado da x-sports&nbsp; atrav\u00e9s da nossa central de atendimento entrando em contato via chat, e-mail ou telefone. a atualiza\u00e7\u00e3o e fornecimento correto dos dados \u00e0 x-sports no ato do cadastramento s\u00e3o de inteira responsabilidade do cliente. se desejar, o cliente pode cancelar seu cadastro entrando em contato com nossa central de relacionamento. com a constante evolu\u00e7\u00e3o do modelo de neg\u00f3cio, a x-sports reserva-se o direito de alterar esta pol\u00edtica de privacidade a qualquer momento, mediante publica\u00e7\u00e3o da vers\u00e3o atualizada no endere\u00e7o www.xsportscs.com.br a qualquer momento, o cliente pode tirar d\u00favidas sobre nossa pol\u00edtica de privacidade por meio de nossa central de relacionamento via chat, e-mail, telefone (11) 4226-1158, redes sociais, ou entrar em contato no endere\u00e7o: rua baraldi \u2013 895 \u2013 centro \u2013 s\u00e3o caetano do sul \u2013 cep: 09510-010.<\/p>\n<h3>SEGURAN\u00c7A DA INFORMA\u00c7\u00c3O<\/h3>\n<p>Todas as transa\u00e7\u00f5es de pagamento, com cart\u00e3o de cr\u00e9dito ou n\u00e3o, s\u00e3o executadas com a tecnologia ssl (secure socket layer), garantindo que todos os dados pessoais do cliente, tais como, endere\u00e7o de entrega, dados de cart\u00e3o de cr\u00e9dito e hist\u00f3rico de pedidos, jamais sejam divulgados. al\u00e9m disso, essa tecnologia visa impedir que as informa\u00e7\u00f5es sejam transmitidas ou acessadas por terceiros. orientamos nossos clientes a protegerem suas informa\u00e7\u00f5es contra acesso n\u00e3o autorizado ao seu computador, conta ou senha. \u00e9 importante se certificar de sempre clicar em \u201csair\u201d ao encerrar sua navega\u00e7\u00e3o em um computador compartilhado. a x-sports alerta a todos os clientes que nunca enviar\u00e1 mensagens eletr\u00f4nicas solicitando confirma\u00e7\u00e3o de dados ou com anexos que possam ser executados (extens\u00f5es: .exe, .com, entre outros) ou ainda links para eventuais downloads.<\/p>\n<h3>PRIVACIDADE DE INFORMA\u00c7\u00d5ES<\/h3>\n<p>A seguran\u00e7a e o sigilo das informa\u00e7\u00f5es de nossos clientes s\u00e3o muito importantes para o nosso neg\u00f3cio. por\u00e9m, a viabilidade de certos servi\u00e7os pelos nossos parceiros s\u00f3 ocorrem com o compartilhamento de algumas dessas informa\u00e7\u00f5es, o que fazemos com responsabilidade e seguindo r\u00edgidos par\u00e2metros de seguran\u00e7a. abaixo, citamos os casos onde o compartilhamento de informa\u00e7\u00f5es se faz necess\u00e1rio:<\/p>\n<h4>FORNECEDORES EMPRESAS<\/h4>\n<p>Fornecedoras e terceiros trabalham com a x-sports&nbsp; para aprimorar nosso neg\u00f3cio. s\u00e3o exemplos os servi\u00e7os log\u00edsticos dos pedidos, envio de e-mails, an\u00e1lise e complemento da base de dados e processamento das transa\u00e7\u00f5es por cart\u00e3o de cr\u00e9dito. muitos desses servi\u00e7os s\u00f3 s\u00e3o poss\u00edveis com o compartilhamento de informa\u00e7\u00f5es de nossos clientes, por\u00e9m, \u00e9 importante refor\u00e7ar que seu uso est\u00e1 autorizado apenas para as finalidades contratadas.<\/p>\n<h4>REQUISI\u00c7\u00c3O JUDICIAL\/POLICIAL<\/h4>\n<p>A x-sports pode compartilhar dados pessoais em caso de requisi\u00e7\u00e3o judicial\/policial.<\/p>\n<h3>RESERVA DE PE\u00c7AS<\/h3>\n<p>A inclus\u00e3o de produtos na sacola de compras n\u00e3o implica na reserva das pe\u00e7as para o consumidor, para garantir a reserva das pe\u00e7as, finalize seu pedido.<\/p>\n","protected":false},"excerpt":{"rendered":"<p>TERMOS DE USO &amp; TERMOS DE USO &amp; POL\u00cdTICA DE PRIVACIDADE A x-sports compromete-se com a seguran\u00e7a de informa\u00e7\u00e3o de seus clientes em rela\u00e7\u00e3o aos dados e informa\u00e7\u00f5es coletadas. por isso, apresentamos nossa pol\u00edtica de privacidade, que tem por objetivo esclarecer o uso dessas informa\u00e7\u00f5es. ao navegar no site x-sports&nbsp; voc\u00ea aceita as pr\u00e1ticas descritas [&hellip;]<\/p>\n","protected":false},"author":1,"featured_media":0,"parent":0,"menu_order":0,"comment_status":"closed","ping_status":"closed","template":"","meta":{"ocean_post_layout":"","ocean_both_sidebars_style":"","ocean_both_sidebars_content_width":0,"ocean_both_sidebars_sidebars_width":0,"ocean_sidebar":"0","ocean_second_sidebar":"0","ocean_disable_margins":"enable","ocean_add_body_class":"","ocean_shortcode_before_top_bar":"","ocean_shortcode_after_top_bar":"","ocean_shortcode_before_header":"","ocean_shortcode_after_header":"","ocean_has_shortcode":"","ocean_shortcode_after_title":"","ocean_shortcode_before_footer_widgets":"","ocean_shortcode_after_footer_widgets":"","ocean_shortcode_before_footer_bottom":"","ocean_shortcode_after_footer_bottom":"","ocean_display_top_bar":"default","ocean_display_header":"default","ocean_header_style":"","ocean_center_header_left_menu":"0","ocean_custom_header_template":"0","ocean_custom_logo":0,"ocean_custom_retina_logo":0,"ocean_custom_logo_max_width":0,"ocean_custom_logo_tablet_max_width":0,"ocean_custom_logo_mobile_max_width":0,"ocean_custom_logo_max_height":0,"ocean_custom_logo_tablet_max_height":0,"ocean_custom_logo_mobile_max_height":0,"ocean_header_custom_menu":"0","ocean_menu_typo_font_family":"0","ocean_menu_typo_font_subset":"","ocean_menu_typo_font_size":0,"ocean_menu_typo_font_size_tablet":0,"ocean_menu_typo_font_size_mobile":0,"ocean_menu_typo_font_size_unit":"px","ocean_menu_typo_font_weight":"","ocean_menu_typo_font_weight_tablet":"","ocean_menu_typo_font_weight_mobile":"","ocean_menu_typo_transform":"","ocean_menu_typo_transform_tablet":"","ocean_menu_typo_transform_mobile":"","ocean_menu_typo_line_height":0,"ocean_menu_typo_line_height_tablet":0,"ocean_menu_typo_line_height_mobile":0,"ocean_menu_typo_line_height_unit":"","ocean_menu_typo_spacing":0,"ocean_menu_typo_spacing_tablet":0,"ocean_menu_typo_spacing_mobile":0,"ocean_menu_typo_spacing_unit":"","ocean_menu_link_color":"","ocean_menu_link_color_hover":"","ocean_menu_link_color_active":"","ocean_menu_link_background":"","ocean_menu_link_hover_background":"","ocean_menu_link_active_background":"","ocean_menu_social_links_bg":"","ocean_menu_social_hover_links_bg":"","ocean_menu_social_links_color":"","ocean_menu_social_hover_links_color":"","ocean_disable_title":"default","ocean_disable_heading":"default","ocean_post_title":"","ocean_post_subheading":"","ocean_post_title_style":"","ocean_post_title_background_color":"","ocean_post_title_background":0,"ocean_post_title_bg_image_position":"","ocean_post_title_bg_image_attachment":"","ocean_post_title_bg_image_repeat":"","ocean_post_title_bg_image_size":"","ocean_post_title_height":0,"ocean_post_title_bg_overlay":0.5,"ocean_post_title_bg_overlay_color":"","ocean_disable_breadcrumbs":"default","ocean_breadcrumbs_color":"","ocean_breadcrumbs_separator_color":"","ocean_breadcrumbs_links_color":"","ocean_breadcrumbs_links_hover_color":"","ocean_display_footer_widgets":"default","ocean_display_footer_bottom":"default","ocean_custom_footer_template":"0","footnotes":""},"_links":{"self":[{"href":"https:\/\/xsportscs.com.br\/index.php?rest_route=\/wp\/v2\/pages\/3"}],"collection":[{"href":"https:\/\/xsportscs.com.br\/index.php?rest_route=\/wp\/v2\/pages"}],"about":[{"href":"https:\/\/xsportscs.com.br\/index.php?rest_route=\/wp\/v2\/types\/page"}],"author":[{"embeddable":true,"href":"https:\/\/xsportscs.com.br\/index.php?rest_route=\/wp\/v2\/users\/1"}],"replies":[{"embeddable":true,"href":"https:\/\/xsportscs.com.br\/index.php?rest_route=%2Fwp%2Fv2%2Fcomments&post=3"}],"version-history":[{"count":12,"href":"https:\/\/xsportscs.com.br\/index.php?rest_route=\/wp\/v2\/pages\/3\/revisions"}],"predecessor-version":[{"id":1768,"href":"https:\/\/xsportscs.com.br\/index.php?rest_route=\/wp\/v2\/pages\/3\/revisions\/1768"}],"wp:attachment":[{"href":"https:\/\/xsportscs.com.br\/index.php?rest_route=%2Fwp%2Fv2%2Fmedia&parent=3"}],"curies":[{"name":"wp","href":"https:\/\/api.w.org\/{rel}","templated":true}]}}